{"id":824,"date":"2023-10-11T16:47:29","date_gmt":"2023-10-11T20:47:29","guid":{"rendered":"https:\/\/relationshumainsanimaux.uqam.ca\/?page_id=824"},"modified":"2024-02-14T11:30:54","modified_gmt":"2024-02-14T16:30:54","slug":"824-2","status":"publish","type":"page","link":"https:\/\/relationshumainsanimaux.uqam.ca\/en\/824-2\/","title":{"rendered":""},"content":{"rendered":"<div class=\"wp-block-image\">\n<figure class=\"aligncenter size-large\"><img loading=\"lazy\" decoding=\"async\" width=\"1024\" height=\"414\" src=\"https:\/\/relationshumainsanimaux.uqam.ca\/wp-content\/uploads\/sites\/101\/2023\/11\/singewide_00000-1024x414.jpg\" alt=\"\" class=\"wp-image-1122\" srcset=\"https:\/\/relationshumainsanimaux.uqam.ca\/wp-content\/uploads\/sites\/101\/2023\/11\/singewide_00000-1024x414.jpg 1024w, https:\/\/relationshumainsanimaux.uqam.ca\/wp-content\/uploads\/sites\/101\/2023\/11\/singewide_00000-300x121.jpg 300w, https:\/\/relationshumainsanimaux.uqam.ca\/wp-content\/uploads\/sites\/101\/2023\/11\/singewide_00000-768x310.jpg 768w, https:\/\/relationshumainsanimaux.uqam.ca\/wp-content\/uploads\/sites\/101\/2023\/11\/singewide_00000-1536x621.jpg 1536w, https:\/\/relationshumainsanimaux.uqam.ca\/wp-content\/uploads\/sites\/101\/2023\/11\/singewide_00000.jpg 1920w\" sizes=\"auto, (max-width: 1024px) 100vw, 1024px\" \/><\/figure>\n<\/div>\n\n\n<div style=\"height:15px\" aria-hidden=\"true\" class=\"wp-block-spacer\"><\/div>\n\n\n\n<p class=\"has-text-align-center\" style=\"font-style:normal;font-weight:900;text-decoration:underline\">2015-2018<\/p>\n\n\n\n<h2 class=\"wp-block-heading has-text-align-left\" style=\"font-style:normal;font-weight:900\">Investigating a new social identity: Is it possible to identify with animals as a social group?<\/h2>\n\n\n\n<p style=\"font-style:normal;font-weight:200\">This research project was our first to investigate the notion of identification with animals; we started by focusing on the dimension of solidarity with animals. Solidarity with animals represents people\u2019s psychological bond with, and commitment to, other animals. In a series of studies using correlational, quasi-experimental, experimental and longitudinal designs, solidarity with animals predicted more positive attitudes towards animals, over and above other particularly inclusive social identities (e.g., identification with all of humanity and with nature). Solidarity with animals was associated with more flexible and inclusive mindsets and individual differences such as an increased tendency to anthropomorphise animals, greater empathy, and lower bias toward human social groups (i.e., lower ageism). Pet owners (compared to non-pet owners) as well as vegetarians (compared to omnivores) also reported higher solidarity toward animals. Experimentally activating similarities between humans and animals, or spontaneously perceiving such similarities, predicted higher solidarity with animals. Moreover, a series of studies showed that perceptions of human-animal similarity were associated with a lower tendency to perceive that humans are superior to other animals, and that this negative link between human-animal similarity and human superiority operated via an increased identification with animals. Finally, correlational studies revealed that contact with pets was associated with increased identification with animals in general as well as lower anxiety toward animals in general; these psychological mechanisms predicted, in turn, more positive attitudes towards animals (e.g., lower speciesism).<\/p>\n\n\n\n<h2 class=\"wp-block-heading has-text-align-center\" style=\"font-style:normal;font-weight:900\">Teams members<\/h2>\n\n\n\n<div class=\"wp-block-columns is-layout-flex wp-container-core-columns-is-layout-9d6595d7 wp-block-columns-is-layout-flex\">\n<div class=\"wp-block-column is-layout-flow wp-block-column-is-layout-flow\">\n<div class=\"wp-block-cover alignright\" style=\"min-height:285px;aspect-ratio:unset;\"><span aria-hidden=\"true\" class=\"wp-block-cover__background has-background-dim-0 has-background-dim\"><\/span><img loading=\"lazy\" decoding=\"async\" width=\"500\" height=\"800\" class=\"wp-block-cover__image-background wp-image-539\" alt=\"\" src=\"https:\/\/relationshumainsanimaux.uqam.ca\/wp-content\/uploads\/sites\/101\/2023\/10\/ColoGreenBlockBG_00000.jpg\" data-object-fit=\"cover\" srcset=\"https:\/\/relationshumainsanimaux.uqam.ca\/wp-content\/uploads\/sites\/101\/2023\/10\/ColoGreenBlockBG_00000.jpg 500w, https:\/\/relationshumainsanimaux.uqam.ca\/wp-content\/uploads\/sites\/101\/2023\/10\/ColoGreenBlockBG_00000-188x300.jpg 188w\" sizes=\"auto, (max-width: 500px) 100vw, 500px\" \/><div class=\"wp-block-cover__inner-container is-layout-flow wp-block-cover-is-layout-flow\">\n<p style=\"font-style:normal;font-weight:900\">Lead researcher:<\/p>\n\n\n\n<p style=\"font-style:normal;font-weight:200\">&#8211; Catherine Amiot<\/p>\n<\/div><\/div>\n<\/div>\n\n\n\n<div class=\"wp-block-column is-layout-flow wp-block-column-is-layout-flow\">\n<div class=\"wp-block-cover\" style=\"min-height:285px;aspect-ratio:unset;\"><span aria-hidden=\"true\" class=\"wp-block-cover__background has-background-dim-0 has-background-dim\"><\/span><img loading=\"lazy\" decoding=\"async\" width=\"500\" height=\"800\" class=\"wp-block-cover__image-background wp-image-539\" alt=\"\" src=\"https:\/\/relationshumainsanimaux.uqam.ca\/wp-content\/uploads\/sites\/101\/2023\/10\/ColoGreenBlockBG_00000.jpg\" data-object-fit=\"cover\" srcset=\"https:\/\/relationshumainsanimaux.uqam.ca\/wp-content\/uploads\/sites\/101\/2023\/10\/ColoGreenBlockBG_00000.jpg 500w, https:\/\/relationshumainsanimaux.uqam.ca\/wp-content\/uploads\/sites\/101\/2023\/10\/ColoGreenBlockBG_00000-188x300.jpg 188w\" sizes=\"auto, (max-width: 500px) 100vw, 500px\" \/><div class=\"wp-block-cover__inner-container is-layout-flow wp-block-cover-is-layout-flow\">\n<p style=\"font-style:normal;font-weight:900\">Collaborators:<\/p>\n\n\n\n<p style=\"font-style:normal;font-weight:200\">&#8211; Brock Bastian<\/p>\n<\/div><\/div>\n<\/div>\n\n\n\n<div class=\"wp-block-column is-layout-flow wp-block-column-is-layout-flow\">\n<div class=\"wp-block-cover\" style=\"min-height:285px;aspect-ratio:unset;\"><span aria-hidden=\"true\" class=\"wp-block-cover__background has-background-dim-0 has-background-dim\"><\/span><img loading=\"lazy\" decoding=\"async\" width=\"500\" height=\"800\" class=\"wp-block-cover__image-background wp-image-539\" alt=\"\" src=\"https:\/\/relationshumainsanimaux.uqam.ca\/wp-content\/uploads\/sites\/101\/2023\/10\/ColoGreenBlockBG_00000.jpg\" data-object-fit=\"cover\" srcset=\"https:\/\/relationshumainsanimaux.uqam.ca\/wp-content\/uploads\/sites\/101\/2023\/10\/ColoGreenBlockBG_00000.jpg 500w, https:\/\/relationshumainsanimaux.uqam.ca\/wp-content\/uploads\/sites\/101\/2023\/10\/ColoGreenBlockBG_00000-188x300.jpg 188w\" sizes=\"auto, (max-width: 500px) 100vw, 500px\" \/><div class=\"wp-block-cover__inner-container is-layout-flow wp-block-cover-is-layout-flow\">\n<p style=\"font-style:normal;font-weight:900\">Other people involved:<\/p>\n\n\n\n<p style=\"font-style:normal;font-weight:200\">&#8211; Ksenia Sukhanova<br>&#8211; B\u00e9atrice Auger<\/p>\n<\/div><\/div>\n<\/div>\n<\/div>\n\n\n\n<p class=\"has-text-align-center\" style=\"font-style:normal;font-weight:900\"><\/p>\n\n\n\n<p><a href=\"https:\/\/relationshumainsanimaux.uqam.ca\/en\/research-projects\/\">&lt;Research projects<\/a><\/p>\n\n\n\n<p><\/p>\n","protected":false},"excerpt":{"rendered":"<p>2015-2018 Investigating a new social identity: Is it possible to identify with animals as a social group? This research project was our first to investigate the notion of identification with animals; we started by focusing on the dimension of solidarity with animals. Solidarity with animals represents people\u2019s psychological bond with, and commitment to, other animals. [&hellip;]<\/p>\n","protected":false},"author":415,"featured_media":0,"parent":0,"menu_order":0,"comment_status":"closed","ping_status":"closed","template":"","meta":{"footnotes":""},"categories":[],"class_list":["post-824","page","type-page","status-publish","hentry"],"yoast_head":"<!-- This site is optimized with the Yoast SEO Premium plugin v27.4 (Yoast SEO v27.4) - https:\/\/yoast.com\/product\/yoast-seo-premium-wordpress\/ -->\n<title>| Research laboratory on human-animal relations | UQAM<\/title>\n<meta name=\"robots\" content=\"index, follow, max-snippet:-1, max-image-preview:large, max-video-preview:-1\" \/>\n<link rel=\"canonical\" href=\"https:\/\/relationshumainsanimaux.uqam.ca\/en\/824-2\/\" \/>\n<meta property=\"og:locale\" content=\"en_US\" \/>\n<meta property=\"og:type\" content=\"article\" \/>\n<meta property=\"og:description\" content=\"2015-2018 Investigating a new social identity: Is it possible to identify with animals as a social group? This research project was our first to investigate the notion of identification with animals; we started by focusing on the dimension of solidarity with animals. Solidarity with animals represents people\u2019s psychological bond with, and commitment to, other animals. [&hellip;]\" \/>\n<meta property=\"og:url\" content=\"https:\/\/relationshumainsanimaux.uqam.ca\/en\/824-2\/\" \/>\n<meta property=\"og:site_name\" content=\"Research laboratory on human-animal relations\" \/>\n<meta property=\"article:modified_time\" content=\"2024-02-14T16:30:54+00:00\" \/>\n<meta property=\"og:image\" content=\"https:\/\/relationshumainsanimaux.uqam.ca\/wp-content\/uploads\/sites\/101\/2023\/11\/singewide_00000-1024x414.jpg\" \/>\n<meta name=\"twitter:card\" content=\"summary_large_image\" \/>\n<meta name=\"twitter:label1\" content=\"Est. reading time\" \/>\n\t<meta name=\"twitter:data1\" content=\"3 minutes\" \/>\n<script type=\"application\/ld+json\" class=\"yoast-schema-graph\">{\"@context\":\"https:\\\/\\\/schema.org\",\"@graph\":[{\"@type\":\"WebPage\",\"@id\":\"https:\\\/\\\/relationshumainsanimaux.uqam.ca\\\/en\\\/824-2\\\/\",\"url\":\"https:\\\/\\\/relationshumainsanimaux.uqam.ca\\\/en\\\/824-2\\\/\",\"name\":\"| Research laboratory on human-animal relations | UQAM\",\"isPartOf\":{\"@id\":\"https:\\\/\\\/relationshumainsanimaux.uqam.ca\\\/#website\"},\"primaryImageOfPage\":{\"@id\":\"https:\\\/\\\/relationshumainsanimaux.uqam.ca\\\/en\\\/824-2\\\/#primaryimage\"},\"image\":{\"@id\":\"https:\\\/\\\/relationshumainsanimaux.uqam.ca\\\/en\\\/824-2\\\/#primaryimage\"},\"thumbnailUrl\":\"https:\\\/\\\/relationshumainsanimaux.uqam.ca\\\/wp-content\\\/uploads\\\/sites\\\/101\\\/2023\\\/11\\\/singewide_00000-1024x414.jpg\",\"datePublished\":\"2023-10-11T20:47:29+00:00\",\"dateModified\":\"2024-02-14T16:30:54+00:00\",\"breadcrumb\":{\"@id\":\"https:\\\/\\\/relationshumainsanimaux.uqam.ca\\\/en\\\/824-2\\\/#breadcrumb\"},\"inLanguage\":\"en-US\",\"potentialAction\":[{\"@type\":\"ReadAction\",\"target\":[\"https:\\\/\\\/relationshumainsanimaux.uqam.ca\\\/en\\\/824-2\\\/\"]}]},{\"@type\":\"ImageObject\",\"inLanguage\":\"en-US\",\"@id\":\"https:\\\/\\\/relationshumainsanimaux.uqam.ca\\\/en\\\/824-2\\\/#primaryimage\",\"url\":\"https:\\\/\\\/relationshumainsanimaux.uqam.ca\\\/wp-content\\\/uploads\\\/sites\\\/101\\\/2023\\\/11\\\/singewide_00000-1024x414.jpg\",\"contentUrl\":\"https:\\\/\\\/relationshumainsanimaux.uqam.ca\\\/wp-content\\\/uploads\\\/sites\\\/101\\\/2023\\\/11\\\/singewide_00000-1024x414.jpg\"},{\"@type\":\"BreadcrumbList\",\"@id\":\"https:\\\/\\\/relationshumainsanimaux.uqam.ca\\\/en\\\/824-2\\\/#breadcrumb\",\"itemListElement\":[{\"@type\":\"ListItem\",\"position\":1,\"name\":\"UQAM\",\"item\":\"https:\\\/\\\/uqam.ca\"},{\"@type\":\"ListItem\",\"position\":2,\"name\":\"Research laboratory on human-animal relations\",\"item\":\"https:\\\/\\\/relationshumainsanimaux.uqam.ca\\\/en\\\/\"}]},{\"@type\":\"WebSite\",\"@id\":\"https:\\\/\\\/relationshumainsanimaux.uqam.ca\\\/#website\",\"url\":\"https:\\\/\\\/relationshumainsanimaux.uqam.ca\\\/\",\"name\":\"Research laboratory on human-animal relations\",\"description\":\"\",\"publisher\":{\"@id\":\"https:\\\/\\\/relationshumainsanimaux.uqam.ca\\\/#organization\"},\"potentialAction\":[{\"@type\":\"SearchAction\",\"target\":{\"@type\":\"EntryPoint\",\"urlTemplate\":\"https:\\\/\\\/relationshumainsanimaux.uqam.ca\\\/en\\\/\\\/recherche\\\/?q={search_term_string}\"},\"query-input\":{\"@type\":\"PropertyValueSpecification\",\"valueRequired\":true,\"valueName\":\"search_term_string\"}}],\"inLanguage\":\"en-US\"},{\"@type\":\"Organization\",\"@id\":\"https:\\\/\\\/relationshumainsanimaux.uqam.ca\\\/#organization\",\"name\":\"Laboratoire de recherche sur les relations humains-animaux\",\"url\":\"https:\\\/\\\/relationshumainsanimaux.uqam.ca\\\/\",\"logo\":{\"@type\":\"ImageObject\",\"inLanguage\":\"en-US\",\"@id\":\"https:\\\/\\\/relationshumainsanimaux.uqam.ca\\\/#\\\/schema\\\/logo\\\/image\\\/\",\"url\":\"https:\\\/\\\/gabarit-adaptatif.uqam.ca\\\/statique\\\/images\\\/logo-uqam.jpg\",\"contentUrl\":\"\",\"caption\":\"Laboratoire de recherche sur les relations humains-animaux\"},\"image\":{\"@id\":\"https:\\\/\\\/relationshumainsanimaux.uqam.ca\\\/#\\\/schema\\\/logo\\\/image\\\/\"},\"parentOrganization\":{\"@type\":\"EducationalOrganization\",\"@id\":\"https:\\\/\\\/uqam.ca\\\/#organization\",\"name\":\"Universit\u00e9 du Qu\u00e9bec \u00e0 Montr\u00e9al\",\"url\":\"https:\\\/\\\/uqam.ca\",\"alternateName\":\"UQAM\",\"logo\":\"https:\\\/\\\/gabarit-adaptatif.uqam.ca\\\/statique\\\/images\\\/logo-uqam.jpg\"}}]}<\/script>\n<!-- \/ Yoast SEO Premium plugin. -->","yoast_head_json":{"title":"| Research laboratory on human-animal relations | UQAM","robots":{"index":"index","follow":"follow","max-snippet":"max-snippet:-1","max-image-preview":"max-image-preview:large","max-video-preview":"max-video-preview:-1"},"canonical":"https:\/\/relationshumainsanimaux.uqam.ca\/en\/824-2\/","og_locale":"en_US","og_type":"article","og_description":"2015-2018 Investigating a new social identity: Is it possible to identify with animals as a social group? This research project was our first to investigate the notion of identification with animals; we started by focusing on the dimension of solidarity with animals. Solidarity with animals represents people\u2019s psychological bond with, and commitment to, other animals. [&hellip;]","og_url":"https:\/\/relationshumainsanimaux.uqam.ca\/en\/824-2\/","og_site_name":"Research laboratory on human-animal relations","article_modified_time":"2024-02-14T16:30:54+00:00","og_image":[{"url":"https:\/\/relationshumainsanimaux.uqam.ca\/wp-content\/uploads\/sites\/101\/2023\/11\/singewide_00000-1024x414.jpg","type":"","width":"","height":""}],"twitter_card":"summary_large_image","twitter_misc":{"Est. reading time":"3 minutes"},"schema":{"@context":"https:\/\/schema.org","@graph":[{"@type":"WebPage","@id":"https:\/\/relationshumainsanimaux.uqam.ca\/en\/824-2\/","url":"https:\/\/relationshumainsanimaux.uqam.ca\/en\/824-2\/","name":"| Research laboratory on human-animal relations | UQAM","isPartOf":{"@id":"https:\/\/relationshumainsanimaux.uqam.ca\/#website"},"primaryImageOfPage":{"@id":"https:\/\/relationshumainsanimaux.uqam.ca\/en\/824-2\/#primaryimage"},"image":{"@id":"https:\/\/relationshumainsanimaux.uqam.ca\/en\/824-2\/#primaryimage"},"thumbnailUrl":"https:\/\/relationshumainsanimaux.uqam.ca\/wp-content\/uploads\/sites\/101\/2023\/11\/singewide_00000-1024x414.jpg","datePublished":"2023-10-11T20:47:29+00:00","dateModified":"2024-02-14T16:30:54+00:00","breadcrumb":{"@id":"https:\/\/relationshumainsanimaux.uqam.ca\/en\/824-2\/#breadcrumb"},"inLanguage":"en-US","potentialAction":[{"@type":"ReadAction","target":["https:\/\/relationshumainsanimaux.uqam.ca\/en\/824-2\/"]}]},{"@type":"ImageObject","inLanguage":"en-US","@id":"https:\/\/relationshumainsanimaux.uqam.ca\/en\/824-2\/#primaryimage","url":"https:\/\/relationshumainsanimaux.uqam.ca\/wp-content\/uploads\/sites\/101\/2023\/11\/singewide_00000-1024x414.jpg","contentUrl":"https:\/\/relationshumainsanimaux.uqam.ca\/wp-content\/uploads\/sites\/101\/2023\/11\/singewide_00000-1024x414.jpg"},{"@type":"BreadcrumbList","@id":"https:\/\/relationshumainsanimaux.uqam.ca\/en\/824-2\/#breadcrumb","itemListElement":[{"@type":"ListItem","position":1,"name":"UQAM","item":"https:\/\/uqam.ca"},{"@type":"ListItem","position":2,"name":"Research laboratory on human-animal relations","item":"https:\/\/relationshumainsanimaux.uqam.ca\/en\/"}]},{"@type":"WebSite","@id":"https:\/\/relationshumainsanimaux.uqam.ca\/#website","url":"https:\/\/relationshumainsanimaux.uqam.ca\/","name":"Research laboratory on human-animal relations","description":"","publisher":{"@id":"https:\/\/relationshumainsanimaux.uqam.ca\/#organization"},"potentialAction":[{"@type":"SearchAction","target":{"@type":"EntryPoint","urlTemplate":"https:\/\/relationshumainsanimaux.uqam.ca\/en\/\/recherche\/?q={search_term_string}"},"query-input":{"@type":"PropertyValueSpecification","valueRequired":true,"valueName":"search_term_string"}}],"inLanguage":"en-US"},{"@type":"Organization","@id":"https:\/\/relationshumainsanimaux.uqam.ca\/#organization","name":"Laboratoire de recherche sur les relations humains-animaux","url":"https:\/\/relationshumainsanimaux.uqam.ca\/","logo":{"@type":"ImageObject","inLanguage":"en-US","@id":"https:\/\/relationshumainsanimaux.uqam.ca\/#\/schema\/logo\/image\/","url":"https:\/\/gabarit-adaptatif.uqam.ca\/statique\/images\/logo-uqam.jpg","contentUrl":"","caption":"Laboratoire de recherche sur les relations humains-animaux"},"image":{"@id":"https:\/\/relationshumainsanimaux.uqam.ca\/#\/schema\/logo\/image\/"},"parentOrganization":{"@type":"EducationalOrganization","@id":"https:\/\/uqam.ca\/#organization","name":"Universit\u00e9 du Qu\u00e9bec \u00e0 Montr\u00e9al","url":"https:\/\/uqam.ca","alternateName":"UQAM","logo":"https:\/\/gabarit-adaptatif.uqam.ca\/statique\/images\/logo-uqam.jpg"}}]}},"_links":{"self":[{"href":"https:\/\/relationshumainsanimaux.uqam.ca\/en\/wp-json\/wp\/v2\/pages\/824","targetHints":{"allow":["GET"]}}],"collection":[{"href":"https:\/\/relationshumainsanimaux.uqam.ca\/en\/wp-json\/wp\/v2\/pages"}],"about":[{"href":"https:\/\/relationshumainsanimaux.uqam.ca\/en\/wp-json\/wp\/v2\/types\/page"}],"author":[{"embeddable":true,"href":"https:\/\/relationshumainsanimaux.uqam.ca\/en\/wp-json\/wp\/v2\/users\/415"}],"replies":[{"embeddable":true,"href":"https:\/\/relationshumainsanimaux.uqam.ca\/en\/wp-json\/wp\/v2\/comments?post=824"}],"version-history":[{"count":10,"href":"https:\/\/relationshumainsanimaux.uqam.ca\/en\/wp-json\/wp\/v2\/pages\/824\/revisions"}],"predecessor-version":[{"id":1898,"href":"https:\/\/relationshumainsanimaux.uqam.ca\/en\/wp-json\/wp\/v2\/pages\/824\/revisions\/1898"}],"wp:attachment":[{"href":"https:\/\/relationshumainsanimaux.uqam.ca\/en\/wp-json\/wp\/v2\/media?parent=824"}],"wp:term":[{"taxonomy":"category","embeddable":true,"href":"https:\/\/relationshumainsanimaux.uqam.ca\/en\/wp-json\/wp\/v2\/categories?post=824"}],"curies":[{"name":"wp","href":"https:\/\/api.w.org\/{rel}","templated":true}]}}