{"id":748,"date":"2023-05-26T09:56:38","date_gmt":"2023-05-26T13:56:38","guid":{"rendered":"https:\/\/relationshumainsanimaux.uqam.ca\/?page_id=748"},"modified":"2024-10-20T16:20:43","modified_gmt":"2024-10-20T20:20:43","slug":"titulaire","status":"publish","type":"page","link":"https:\/\/relationshumainsanimaux.uqam.ca\/en\/titulaire\/","title":{"rendered":"Catherine Amiot"},"content":{"rendered":"\n<p><\/p>\n\n\n<div class=\"wp-block-image\">\n<figure class=\"aligncenter size-full is-resized\"><img loading=\"lazy\" decoding=\"async\" width=\"607\" height=\"550\" src=\"https:\/\/relationshumainsanimaux.uqam.ca\/wp-content\/uploads\/sites\/101\/2023\/10\/CatherineAmiot-e1729455351269.jpg\" alt=\"\" class=\"wp-image-204\" style=\"width:517px;height:auto\" srcset=\"https:\/\/relationshumainsanimaux.uqam.ca\/wp-content\/uploads\/sites\/101\/2023\/10\/CatherineAmiot-e1729455351269.jpg 607w, https:\/\/relationshumainsanimaux.uqam.ca\/wp-content\/uploads\/sites\/101\/2023\/10\/CatherineAmiot-e1729455351269-300x272.jpg 300w\" sizes=\"auto, (max-width: 607px) 100vw, 607px\" \/><\/figure>\n<\/div>\n\n\n<p class=\"has-text-align-center\" style=\"font-style:normal;font-weight:100\"><em>Photo: \u00c9milie Tournevache<\/em><\/p>\n\n\n\n<p><\/p>\n\n\n\n<p style=\"font-style:normal;font-weight:200\">Catherine Amiot is a professor at the Department of Psychology at the Universit\u00e9 du Qu\u00e9bec \u00e0 Montr\u00e9al (UQAM). Trained as a social psychologist, Catherine Amiot completed her bachelor&#8217;s degree in psychology at McGill University, as well as a master&#8217;s degree in social psychology at UQAM and a doctorate at the University of Ottawa, before undertaking a postdoctoral fellowship at the University of Queensland in Australia. In social psychology, her research has focused on intergroup discrimination, social norms, self and identity, human motivation, and psychological well-being. For more than 10 years now, Catherine Amiot has applied theories developed in social psychology and in the field of health to better understand our relations with animals. Her program of research aims to identify the social and individual factors that facilitate the development of mutually beneficial relations with other animals.<\/p>\n","protected":false},"excerpt":{"rendered":"<p>Photo: \u00c9milie Tournevache Catherine Amiot is a professor at the Department of Psychology at the Universit\u00e9 du Qu\u00e9bec \u00e0 Montr\u00e9al (UQAM). Trained as a social psychologist, Catherine Amiot completed her bachelor&#8217;s degree in psychology at McGill University, as well as a master&#8217;s degree in social psychology at UQAM and a doctorate at the University of [&hellip;]<\/p>\n","protected":false},"author":415,"featured_media":0,"parent":0,"menu_order":0,"comment_status":"closed","ping_status":"closed","template":"","meta":{"footnotes":""},"categories":[],"class_list":["post-748","page","type-page","status-publish","hentry"],"yoast_head":"<!-- This site is optimized with the Yoast SEO Premium plugin v27.4 (Yoast SEO v27.4) - https:\/\/yoast.com\/product\/yoast-seo-premium-wordpress\/ -->\n<title>Catherine Amiot | Research laboratory on human-animal relations | UQAM<\/title>\n<meta name=\"robots\" content=\"index, follow, max-snippet:-1, max-image-preview:large, max-video-preview:-1\" \/>\n<link rel=\"canonical\" href=\"https:\/\/relationshumainsanimaux.uqam.ca\/en\/titulaire\/\" \/>\n<meta property=\"og:locale\" content=\"en_US\" \/>\n<meta property=\"og:type\" content=\"article\" \/>\n<meta property=\"og:title\" content=\"Catherine Amiot\" \/>\n<meta property=\"og:description\" content=\"Photo: \u00c9milie Tournevache Catherine Amiot is a professor at the Department of Psychology at the Universit\u00e9 du Qu\u00e9bec \u00e0 Montr\u00e9al (UQAM). Trained as a social psychologist, Catherine Amiot completed her bachelor&#8217;s degree in psychology at McGill University, as well as a master&#8217;s degree in social psychology at UQAM and a doctorate at the University of [&hellip;]\" \/>\n<meta property=\"og:url\" content=\"https:\/\/relationshumainsanimaux.uqam.ca\/en\/titulaire\/\" \/>\n<meta property=\"og:site_name\" content=\"Research laboratory on human-animal relations\" \/>\n<meta property=\"article:modified_time\" content=\"2024-10-20T20:20:43+00:00\" \/>\n<meta property=\"og:image\" content=\"https:\/\/relationshumainsanimaux.uqam.ca\/wp-content\/uploads\/sites\/101\/2023\/10\/CatherineAmiot-e1729455351269.jpg\" \/>\n\t<meta property=\"og:image:width\" content=\"607\" \/>\n\t<meta property=\"og:image:height\" content=\"550\" \/>\n\t<meta property=\"og:image:type\" content=\"image\/jpeg\" \/>\n<meta name=\"twitter:card\" content=\"summary_large_image\" \/>\n<meta name=\"twitter:label1\" content=\"Est. reading time\" \/>\n\t<meta name=\"twitter:data1\" content=\"1 minute\" \/>\n<script type=\"application\/ld+json\" class=\"yoast-schema-graph\">{\"@context\":\"https:\\\/\\\/schema.org\",\"@graph\":[{\"@type\":\"WebPage\",\"@id\":\"https:\\\/\\\/relationshumainsanimaux.uqam.ca\\\/en\\\/titulaire\\\/\",\"url\":\"https:\\\/\\\/relationshumainsanimaux.uqam.ca\\\/en\\\/titulaire\\\/\",\"name\":\"Catherine Amiot | Research laboratory on human-animal relations | UQAM\",\"isPartOf\":{\"@id\":\"https:\\\/\\\/relationshumainsanimaux.uqam.ca\\\/#website\"},\"primaryImageOfPage\":{\"@id\":\"https:\\\/\\\/relationshumainsanimaux.uqam.ca\\\/en\\\/titulaire\\\/#primaryimage\"},\"image\":{\"@id\":\"https:\\\/\\\/relationshumainsanimaux.uqam.ca\\\/en\\\/titulaire\\\/#primaryimage\"},\"thumbnailUrl\":\"https:\\\/\\\/relationshumainsanimaux.uqam.ca\\\/wp-content\\\/uploads\\\/sites\\\/101\\\/2023\\\/10\\\/CatherineAmiot-e1729455351269.jpg\",\"datePublished\":\"2023-05-26T13:56:38+00:00\",\"dateModified\":\"2024-10-20T20:20:43+00:00\",\"breadcrumb\":{\"@id\":\"https:\\\/\\\/relationshumainsanimaux.uqam.ca\\\/en\\\/titulaire\\\/#breadcrumb\"},\"inLanguage\":\"en-US\",\"potentialAction\":[{\"@type\":\"ReadAction\",\"target\":[\"https:\\\/\\\/relationshumainsanimaux.uqam.ca\\\/en\\\/titulaire\\\/\"]}]},{\"@type\":\"ImageObject\",\"inLanguage\":\"en-US\",\"@id\":\"https:\\\/\\\/relationshumainsanimaux.uqam.ca\\\/en\\\/titulaire\\\/#primaryimage\",\"url\":\"https:\\\/\\\/relationshumainsanimaux.uqam.ca\\\/wp-content\\\/uploads\\\/sites\\\/101\\\/2023\\\/10\\\/CatherineAmiot-e1729455351269.jpg\",\"contentUrl\":\"https:\\\/\\\/relationshumainsanimaux.uqam.ca\\\/wp-content\\\/uploads\\\/sites\\\/101\\\/2023\\\/10\\\/CatherineAmiot-e1729455351269.jpg\"},{\"@type\":\"BreadcrumbList\",\"@id\":\"https:\\\/\\\/relationshumainsanimaux.uqam.ca\\\/en\\\/titulaire\\\/#breadcrumb\",\"itemListElement\":[{\"@type\":\"ListItem\",\"position\":1,\"name\":\"UQAM\",\"item\":\"https:\\\/\\\/uqam.ca\"},{\"@type\":\"ListItem\",\"position\":2,\"name\":\"Research laboratory on human-animal relations\",\"item\":\"https:\\\/\\\/relationshumainsanimaux.uqam.ca\\\/en\\\/\"},{\"@type\":\"ListItem\",\"position\":3,\"name\":\"Catherine Amiot\"}]},{\"@type\":\"WebSite\",\"@id\":\"https:\\\/\\\/relationshumainsanimaux.uqam.ca\\\/#website\",\"url\":\"https:\\\/\\\/relationshumainsanimaux.uqam.ca\\\/\",\"name\":\"Research laboratory on human-animal relations\",\"description\":\"\",\"publisher\":{\"@id\":\"https:\\\/\\\/relationshumainsanimaux.uqam.ca\\\/#organization\"},\"potentialAction\":[{\"@type\":\"SearchAction\",\"target\":{\"@type\":\"EntryPoint\",\"urlTemplate\":\"https:\\\/\\\/relationshumainsanimaux.uqam.ca\\\/en\\\/\\\/recherche\\\/?q={search_term_string}\"},\"query-input\":{\"@type\":\"PropertyValueSpecification\",\"valueRequired\":true,\"valueName\":\"search_term_string\"}}],\"inLanguage\":\"en-US\"},{\"@type\":\"Organization\",\"@id\":\"https:\\\/\\\/relationshumainsanimaux.uqam.ca\\\/#organization\",\"name\":\"Laboratoire de recherche sur les relations humains-animaux\",\"url\":\"https:\\\/\\\/relationshumainsanimaux.uqam.ca\\\/\",\"logo\":{\"@type\":\"ImageObject\",\"inLanguage\":\"en-US\",\"@id\":\"https:\\\/\\\/relationshumainsanimaux.uqam.ca\\\/#\\\/schema\\\/logo\\\/image\\\/\",\"url\":\"https:\\\/\\\/gabarit-adaptatif.uqam.ca\\\/statique\\\/images\\\/logo-uqam.jpg\",\"contentUrl\":\"\",\"caption\":\"Laboratoire de recherche sur les relations humains-animaux\"},\"image\":{\"@id\":\"https:\\\/\\\/relationshumainsanimaux.uqam.ca\\\/#\\\/schema\\\/logo\\\/image\\\/\"},\"parentOrganization\":{\"@type\":\"EducationalOrganization\",\"@id\":\"https:\\\/\\\/uqam.ca\\\/#organization\",\"name\":\"Universit\u00e9 du Qu\u00e9bec \u00e0 Montr\u00e9al\",\"url\":\"https:\\\/\\\/uqam.ca\",\"alternateName\":\"UQAM\",\"logo\":\"https:\\\/\\\/gabarit-adaptatif.uqam.ca\\\/statique\\\/images\\\/logo-uqam.jpg\"}}]}<\/script>\n<!-- \/ Yoast SEO Premium plugin. -->","yoast_head_json":{"title":"Catherine Amiot | Research laboratory on human-animal relations | UQAM","robots":{"index":"index","follow":"follow","max-snippet":"max-snippet:-1","max-image-preview":"max-image-preview:large","max-video-preview":"max-video-preview:-1"},"canonical":"https:\/\/relationshumainsanimaux.uqam.ca\/en\/titulaire\/","og_locale":"en_US","og_type":"article","og_title":"Catherine Amiot","og_description":"Photo: \u00c9milie Tournevache Catherine Amiot is a professor at the Department of Psychology at the Universit\u00e9 du Qu\u00e9bec \u00e0 Montr\u00e9al (UQAM). Trained as a social psychologist, Catherine Amiot completed her bachelor&#8217;s degree in psychology at McGill University, as well as a master&#8217;s degree in social psychology at UQAM and a doctorate at the University of [&hellip;]","og_url":"https:\/\/relationshumainsanimaux.uqam.ca\/en\/titulaire\/","og_site_name":"Research laboratory on human-animal relations","article_modified_time":"2024-10-20T20:20:43+00:00","og_image":[{"width":607,"height":550,"url":"https:\/\/relationshumainsanimaux.uqam.ca\/wp-content\/uploads\/sites\/101\/2023\/10\/CatherineAmiot-e1729455351269.jpg","type":"image\/jpeg"}],"twitter_card":"summary_large_image","twitter_misc":{"Est. reading time":"1 minute"},"schema":{"@context":"https:\/\/schema.org","@graph":[{"@type":"WebPage","@id":"https:\/\/relationshumainsanimaux.uqam.ca\/en\/titulaire\/","url":"https:\/\/relationshumainsanimaux.uqam.ca\/en\/titulaire\/","name":"Catherine Amiot | Research laboratory on human-animal relations | UQAM","isPartOf":{"@id":"https:\/\/relationshumainsanimaux.uqam.ca\/#website"},"primaryImageOfPage":{"@id":"https:\/\/relationshumainsanimaux.uqam.ca\/en\/titulaire\/#primaryimage"},"image":{"@id":"https:\/\/relationshumainsanimaux.uqam.ca\/en\/titulaire\/#primaryimage"},"thumbnailUrl":"https:\/\/relationshumainsanimaux.uqam.ca\/wp-content\/uploads\/sites\/101\/2023\/10\/CatherineAmiot-e1729455351269.jpg","datePublished":"2023-05-26T13:56:38+00:00","dateModified":"2024-10-20T20:20:43+00:00","breadcrumb":{"@id":"https:\/\/relationshumainsanimaux.uqam.ca\/en\/titulaire\/#breadcrumb"},"inLanguage":"en-US","potentialAction":[{"@type":"ReadAction","target":["https:\/\/relationshumainsanimaux.uqam.ca\/en\/titulaire\/"]}]},{"@type":"ImageObject","inLanguage":"en-US","@id":"https:\/\/relationshumainsanimaux.uqam.ca\/en\/titulaire\/#primaryimage","url":"https:\/\/relationshumainsanimaux.uqam.ca\/wp-content\/uploads\/sites\/101\/2023\/10\/CatherineAmiot-e1729455351269.jpg","contentUrl":"https:\/\/relationshumainsanimaux.uqam.ca\/wp-content\/uploads\/sites\/101\/2023\/10\/CatherineAmiot-e1729455351269.jpg"},{"@type":"BreadcrumbList","@id":"https:\/\/relationshumainsanimaux.uqam.ca\/en\/titulaire\/#breadcrumb","itemListElement":[{"@type":"ListItem","position":1,"name":"UQAM","item":"https:\/\/uqam.ca"},{"@type":"ListItem","position":2,"name":"Research laboratory on human-animal relations","item":"https:\/\/relationshumainsanimaux.uqam.ca\/en\/"},{"@type":"ListItem","position":3,"name":"Catherine Amiot"}]},{"@type":"WebSite","@id":"https:\/\/relationshumainsanimaux.uqam.ca\/#website","url":"https:\/\/relationshumainsanimaux.uqam.ca\/","name":"Research laboratory on human-animal relations","description":"","publisher":{"@id":"https:\/\/relationshumainsanimaux.uqam.ca\/#organization"},"potentialAction":[{"@type":"SearchAction","target":{"@type":"EntryPoint","urlTemplate":"https:\/\/relationshumainsanimaux.uqam.ca\/en\/\/recherche\/?q={search_term_string}"},"query-input":{"@type":"PropertyValueSpecification","valueRequired":true,"valueName":"search_term_string"}}],"inLanguage":"en-US"},{"@type":"Organization","@id":"https:\/\/relationshumainsanimaux.uqam.ca\/#organization","name":"Laboratoire de recherche sur les relations humains-animaux","url":"https:\/\/relationshumainsanimaux.uqam.ca\/","logo":{"@type":"ImageObject","inLanguage":"en-US","@id":"https:\/\/relationshumainsanimaux.uqam.ca\/#\/schema\/logo\/image\/","url":"https:\/\/gabarit-adaptatif.uqam.ca\/statique\/images\/logo-uqam.jpg","contentUrl":"","caption":"Laboratoire de recherche sur les relations humains-animaux"},"image":{"@id":"https:\/\/relationshumainsanimaux.uqam.ca\/#\/schema\/logo\/image\/"},"parentOrganization":{"@type":"EducationalOrganization","@id":"https:\/\/uqam.ca\/#organization","name":"Universit\u00e9 du Qu\u00e9bec \u00e0 Montr\u00e9al","url":"https:\/\/uqam.ca","alternateName":"UQAM","logo":"https:\/\/gabarit-adaptatif.uqam.ca\/statique\/images\/logo-uqam.jpg"}}]}},"_links":{"self":[{"href":"https:\/\/relationshumainsanimaux.uqam.ca\/en\/wp-json\/wp\/v2\/pages\/748","targetHints":{"allow":["GET"]}}],"collection":[{"href":"https:\/\/relationshumainsanimaux.uqam.ca\/en\/wp-json\/wp\/v2\/pages"}],"about":[{"href":"https:\/\/relationshumainsanimaux.uqam.ca\/en\/wp-json\/wp\/v2\/types\/page"}],"author":[{"embeddable":true,"href":"https:\/\/relationshumainsanimaux.uqam.ca\/en\/wp-json\/wp\/v2\/users\/415"}],"replies":[{"embeddable":true,"href":"https:\/\/relationshumainsanimaux.uqam.ca\/en\/wp-json\/wp\/v2\/comments?post=748"}],"version-history":[{"count":10,"href":"https:\/\/relationshumainsanimaux.uqam.ca\/en\/wp-json\/wp\/v2\/pages\/748\/revisions"}],"predecessor-version":[{"id":1998,"href":"https:\/\/relationshumainsanimaux.uqam.ca\/en\/wp-json\/wp\/v2\/pages\/748\/revisions\/1998"}],"wp:attachment":[{"href":"https:\/\/relationshumainsanimaux.uqam.ca\/en\/wp-json\/wp\/v2\/media?parent=748"}],"wp:term":[{"taxonomy":"category","embeddable":true,"href":"https:\/\/relationshumainsanimaux.uqam.ca\/en\/wp-json\/wp\/v2\/categories?post=748"}],"curies":[{"name":"wp","href":"https:\/\/api.w.org\/{rel}","templated":true}]}}