{"id":744,"date":"2023-10-11T11:19:03","date_gmt":"2023-10-11T15:19:03","guid":{"rendered":"https:\/\/relationshumainsanimaux.uqam.ca\/?page_id=744"},"modified":"2024-02-07T13:59:01","modified_gmt":"2024-02-07T18:59:01","slug":"research-projects","status":"publish","type":"page","link":"https:\/\/relationshumainsanimaux.uqam.ca\/en\/research-projects\/","title":{"rendered":""},"content":{"rendered":"\n<div class=\"wp-block-cover is-light\" style=\"min-height:398px;aspect-ratio:unset;\"><span aria-hidden=\"true\" class=\"wp-block-cover__background has-background-dim-0 has-background-dim has-background-gradient has-very-light-gray-to-cyan-bluish-gray-gradient-background\"><\/span><img loading=\"lazy\" decoding=\"async\" width=\"1242\" height=\"606\" class=\"wp-block-cover__image-background wp-image-673\" alt=\"\" src=\"https:\/\/relationshumainsanimaux.uqam.ca\/wp-content\/uploads\/sites\/101\/2023\/10\/Header_IslandCow_v02_00000_00000-3.jpg\" data-object-fit=\"cover\" srcset=\"https:\/\/relationshumainsanimaux.uqam.ca\/wp-content\/uploads\/sites\/101\/2023\/10\/Header_IslandCow_v02_00000_00000-3.jpg 1242w, https:\/\/relationshumainsanimaux.uqam.ca\/wp-content\/uploads\/sites\/101\/2023\/10\/Header_IslandCow_v02_00000_00000-3-300x146.jpg 300w, https:\/\/relationshumainsanimaux.uqam.ca\/wp-content\/uploads\/sites\/101\/2023\/10\/Header_IslandCow_v02_00000_00000-3-1024x500.jpg 1024w, https:\/\/relationshumainsanimaux.uqam.ca\/wp-content\/uploads\/sites\/101\/2023\/10\/Header_IslandCow_v02_00000_00000-3-768x375.jpg 768w\" sizes=\"auto, (max-width: 1242px) 100vw, 1242px\" \/><div class=\"wp-block-cover__inner-container is-layout-flow wp-block-cover-is-layout-flow\">\n<p class=\"has-text-align-center\"><\/p>\n<\/div><\/div>\n\n\n\n<h2 class=\"wp-block-heading\" style=\"font-style:normal;font-weight:900\">Approach<\/h2>\n\n\n\n<p style=\"font-style:normal;font-weight:200\">Human interactions with animals are ubiquitous in our lives: Pets are part of a majority of households in many countries and recognized by their owners as integral members of the family. Animals feed and clothe us, they work with us (e.g., guide dogs, scent detection dogs), and they substitute for us in medical and psychological experiments. Animals entertain us and they are present in arts, leisure, and in the socialization of children. Animals have accompanied humans for thousands of years, forging a strong interdependence between humans and other animal species. Furthermore, the need to preserve biodiversity and to protect threatened animal species and the ecosystems that support them has now become essential to ensure a sustainable future. In this context, the specific place that humans occupy within nature and the animal kingdom more broadly is currently being questioned. It is therefore essential to fully understand human-animal relationships, as well as the impact of these relationships on the physical and psychological well-being of humans and animals.<\/p>\n\n\n\n<h2 class=\"wp-block-heading\" style=\"font-style:normal;font-weight:900\">Objectives<\/h2>\n\n\n\n<p style=\"font-style:normal;font-weight:200\">Our research seeks to identify the social and psychological factors that influence human-animal relations. Our work also aims to discover the strategies that allow a balanced integration of animals within our human lives, and that simultaneously promote human and animal well-being.\u00a0<\/p>\n\n\n\n<p style=\"font-style:normal;font-weight:700\">Our group focuses on the following three axes of research :<\/p>\n\n\n\n<ol class=\"wp-block-list\" style=\"font-style:normal;font-weight:200\">\n<li>The role of pets in predicting psychological well-being and health<\/li>\n\n\n\n<li>Collective and social belonging processes that operate in human-animal relations<\/li>\n\n\n\n<li>Health, environmental, and moral issues involved in human-animal relations<\/li>\n<\/ol>\n\n\n\n<div style=\"height:10px\" aria-hidden=\"true\" class=\"wp-block-spacer\"><\/div>\n\n\n\n<h2 class=\"wp-block-heading\" style=\"font-style:normal;font-weight:900\">Projects<\/h2>\n\n\n\n<div class=\"wp-block-columns is-layout-flex wp-container-core-columns-is-layout-9d6595d7 wp-block-columns-is-layout-flex\" style=\"font-style:normal;font-weight:200\">\n<div class=\"wp-block-column is-layout-flow wp-block-column-is-layout-flow\"><div class=\"wp-block-image\">\n<figure class=\"aligncenter size-large\"><a href=\"https:\/\/relationshumainsanimaux.uqam.ca\/en\/1073-2\/\"><img loading=\"lazy\" decoding=\"async\" width=\"1024\" height=\"768\" src=\"https:\/\/relationshumainsanimaux.uqam.ca\/wp-content\/uploads\/sites\/101\/2023\/11\/chienhiver_00000-1024x768.jpg\" alt=\"\" class=\"wp-image-1085\" srcset=\"https:\/\/relationshumainsanimaux.uqam.ca\/wp-content\/uploads\/sites\/101\/2023\/11\/chienhiver_00000-1024x768.jpg 1024w, https:\/\/relationshumainsanimaux.uqam.ca\/wp-content\/uploads\/sites\/101\/2023\/11\/chienhiver_00000-300x225.jpg 300w, https:\/\/relationshumainsanimaux.uqam.ca\/wp-content\/uploads\/sites\/101\/2023\/11\/chienhiver_00000-768x576.jpg 768w, https:\/\/relationshumainsanimaux.uqam.ca\/wp-content\/uploads\/sites\/101\/2023\/11\/chienhiver_00000.jpg 1100w\" sizes=\"auto, (max-width: 1024px) 100vw, 1024px\" \/><\/a><figcaption class=\"wp-element-caption\"><a href=\"https:\/\/relationshumainsanimaux.uqam.ca\/en\/1073-2\/\">How animals make us better humans: Capturing and optimizing the psychological factors through which contacts with pets promote human wellbeing<\/a><\/figcaption><\/figure>\n<\/div><\/div>\n\n\n\n<div class=\"wp-block-column is-layout-flow wp-block-column-is-layout-flow\"><div class=\"wp-block-image\">\n<figure class=\"aligncenter size-large\"><a href=\"https:\/\/relationshumainsanimaux.uqam.ca\/en\/1071-2\/\"><img loading=\"lazy\" decoding=\"async\" width=\"1024\" height=\"768\" src=\"https:\/\/relationshumainsanimaux.uqam.ca\/wp-content\/uploads\/sites\/101\/2023\/10\/CatherineEnzo-1024x768.jpg\" alt=\"\" class=\"wp-image-384\" srcset=\"https:\/\/relationshumainsanimaux.uqam.ca\/wp-content\/uploads\/sites\/101\/2023\/10\/CatherineEnzo-1024x768.jpg 1024w, https:\/\/relationshumainsanimaux.uqam.ca\/wp-content\/uploads\/sites\/101\/2023\/10\/CatherineEnzo-300x225.jpg 300w, https:\/\/relationshumainsanimaux.uqam.ca\/wp-content\/uploads\/sites\/101\/2023\/10\/CatherineEnzo-768x576.jpg 768w, https:\/\/relationshumainsanimaux.uqam.ca\/wp-content\/uploads\/sites\/101\/2023\/10\/CatherineEnzo.jpg 1100w\" sizes=\"auto, (max-width: 1024px) 100vw, 1024px\" \/><\/a><figcaption class=\"wp-element-caption\"><a href=\"https:\/\/relationshumainsanimaux.uqam.ca\/en\/1071-2\/\">Exploring the association between pet ownership and psychological wellbeing: Do pets contribute to human wellbeing and if so, how?<\/a><\/figcaption><\/figure>\n<\/div><\/div>\n\n\n\n<div class=\"wp-block-column is-layout-flow wp-block-column-is-layout-flow\"><div class=\"wp-block-image\">\n<figure class=\"aligncenter size-large\"><a href=\"https:\/\/relationshumainsanimaux.uqam.ca\/en\/1117-2\/\"><img loading=\"lazy\" decoding=\"async\" width=\"1024\" height=\"769\" src=\"https:\/\/relationshumainsanimaux.uqam.ca\/wp-content\/uploads\/sites\/101\/2023\/10\/VacheSuisse-1024x769.jpg\" alt=\"\" class=\"wp-image-679\" srcset=\"https:\/\/relationshumainsanimaux.uqam.ca\/wp-content\/uploads\/sites\/101\/2023\/10\/VacheSuisse-1024x769.jpg 1024w, https:\/\/relationshumainsanimaux.uqam.ca\/wp-content\/uploads\/sites\/101\/2023\/10\/VacheSuisse-300x225.jpg 300w, https:\/\/relationshumainsanimaux.uqam.ca\/wp-content\/uploads\/sites\/101\/2023\/10\/VacheSuisse-768x576.jpg 768w, https:\/\/relationshumainsanimaux.uqam.ca\/wp-content\/uploads\/sites\/101\/2023\/10\/VacheSuisse.jpg 1155w\" sizes=\"auto, (max-width: 1024px) 100vw, 1024px\" \/><\/a><figcaption class=\"wp-element-caption\"><a href=\"https:\/\/relationshumainsanimaux.uqam.ca\/en\/1117-2\/\">Capturing and unpacking the nature of our psychological connection with other animals<\/a><\/figcaption><\/figure>\n<\/div><\/div>\n<\/div>\n\n\n\n<div class=\"wp-block-columns is-layout-flex wp-container-core-columns-is-layout-9d6595d7 wp-block-columns-is-layout-flex\" style=\"font-style:normal;font-weight:200\">\n<div class=\"wp-block-column is-layout-flow wp-block-column-is-layout-flow\">\n<figure class=\"wp-block-image size-large\"><a href=\"https:\/\/relationshumainsanimaux.uqam.ca\/en\/824-2\/\"><img loading=\"lazy\" decoding=\"async\" width=\"1024\" height=\"710\" src=\"https:\/\/relationshumainsanimaux.uqam.ca\/wp-content\/uploads\/sites\/101\/2023\/11\/lewis-roberts-2fJ6CX82RZ4-unsplash-1024x710.jpeg\" alt=\"\" class=\"wp-image-1089\" srcset=\"https:\/\/relationshumainsanimaux.uqam.ca\/wp-content\/uploads\/sites\/101\/2023\/11\/lewis-roberts-2fJ6CX82RZ4-unsplash-1024x710.jpeg 1024w, https:\/\/relationshumainsanimaux.uqam.ca\/wp-content\/uploads\/sites\/101\/2023\/11\/lewis-roberts-2fJ6CX82RZ4-unsplash-300x208.jpeg 300w, https:\/\/relationshumainsanimaux.uqam.ca\/wp-content\/uploads\/sites\/101\/2023\/11\/lewis-roberts-2fJ6CX82RZ4-unsplash-768x533.jpeg 768w, https:\/\/relationshumainsanimaux.uqam.ca\/wp-content\/uploads\/sites\/101\/2023\/11\/lewis-roberts-2fJ6CX82RZ4-unsplash-1536x1066.jpeg 1536w, https:\/\/relationshumainsanimaux.uqam.ca\/wp-content\/uploads\/sites\/101\/2023\/11\/lewis-roberts-2fJ6CX82RZ4-unsplash.jpeg 1920w\" sizes=\"auto, (max-width: 1024px) 100vw, 1024px\" \/><\/a><figcaption class=\"wp-element-caption\"><a href=\"https:\/\/relationshumainsanimaux.uqam.ca\/en\/824-2\/\">Investigating a new social identity: Is it possible to identify with animals as a social group?<\/a><\/figcaption><\/figure>\n<\/div>\n\n\n\n<div class=\"wp-block-column is-layout-flow wp-block-column-is-layout-flow\"><\/div>\n\n\n\n<div class=\"wp-block-column is-layout-flow wp-block-column-is-layout-flow\"><\/div>\n<\/div>\n\n\n\n<h2 class=\"wp-block-heading has-text-align-center\" style=\"font-style:normal;font-weight:900\">Funding partners<\/h2>\n\n\n\n<div class=\"wp-block-columns is-layout-flex wp-container-core-columns-is-layout-9d6595d7 wp-block-columns-is-layout-flex\">\n<div class=\"wp-block-column is-layout-flow wp-block-column-is-layout-flow\">\n<figure class=\"wp-block-image size-full\"><img loading=\"lazy\" decoding=\"async\" width=\"500\" height=\"200\" src=\"https:\/\/relationshumainsanimaux.uqam.ca\/wp-content\/uploads\/sites\/101\/2023\/10\/Logo-CRSH-transparent_00000-1.png\" alt=\"\" class=\"wp-image-519\" srcset=\"https:\/\/relationshumainsanimaux.uqam.ca\/wp-content\/uploads\/sites\/101\/2023\/10\/Logo-CRSH-transparent_00000-1.png 500w, https:\/\/relationshumainsanimaux.uqam.ca\/wp-content\/uploads\/sites\/101\/2023\/10\/Logo-CRSH-transparent_00000-1-300x120.png 300w\" sizes=\"auto, (max-width: 500px) 100vw, 500px\" \/><\/figure>\n<\/div>\n\n\n\n<div class=\"wp-block-column is-layout-flow wp-block-column-is-layout-flow\">\n<figure class=\"wp-block-image size-full is-resized\"><img loading=\"lazy\" decoding=\"async\" width=\"300\" height=\"114\" src=\"https:\/\/relationshumainsanimaux.uqam.ca\/wp-content\/uploads\/sites\/101\/2023\/10\/logo-frqs-couleur-300x114-1.png\" alt=\"\" class=\"wp-image-520\" style=\"width:373px;height:142px\" \/><\/figure>\n<\/div>\n<\/div>\n\n\n\n<h2 class=\"wp-block-heading\" style=\"font-style:normal;font-weight:900\">Collaboration on other projects<\/h2>\n\n\n\n<ul class=\"wp-block-list\" style=\"font-style:normal;font-weight:100\">\n<li><em>The psychology of gridlock: Compromise, coalitions, and radicalisation<\/em>\n<ul class=\"wp-block-list\">\n<li><strong><strong><strong>Researchers<\/strong>:<\/strong><\/strong> Winnifred R. Louis, Matthew J. Hornsey, Kelly Fielding, Emma F. Thomas, Catherine E. Amiot, Fathali Moghaddam\n<ul class=\"wp-block-list\">\n<li>Australian Research Council (ARC), Discovery Grant<\/li>\n<\/ul>\n<\/li>\n<\/ul>\n<\/li>\n\n\n\n<li><em>Practitioners learning palliative killing: The role of norms and empathy<\/em>\n<ul class=\"wp-block-list\">\n<li><strong><strong>Researchers<\/strong>:<\/strong> Louis, W.R., Thomas, E.F., Crane, M.F., Molenberghs, P., Decety, J., &amp; Amiot, C.E.\n<ul class=\"wp-block-list\">\n<li><a>Australian Research Council (ARC), Discovery Grant<\/a><\/li>\n<\/ul>\n<\/li>\n<\/ul>\n<\/li>\n\n\n\n<li><em>How do conventional and confrontational animal advocacy campaigns influence personal and political mobilization?<\/em>\n<ul class=\"wp-block-list\">\n<li><strong><strong>Researchers<\/strong>:<\/strong>  Emma F. Thomas, Catherine E. Amiot, Jean Decety, Monique Crane, Pascal Molenberghs, Winnifred R. Louis\n<ul class=\"wp-block-list\">\n<li>Animal Charity Evaluators Fund<\/li>\n<\/ul>\n<\/li>\n<\/ul>\n<\/li>\n\n\n\n<li><em>Outcomes of collective action: After the blockade, what next?<\/em>\n<ul class=\"wp-block-list\">\n<li><strong><strong>Researchers<\/strong>:<\/strong> Winnifred R. Louis, Emma Thomas, Craig McGarty, Catherine E. Amiot, Fathali Moghaddam\n<ul class=\"wp-block-list\">\n<li>Australian Research Council (ARC), Discovery Grant<\/li>\n<\/ul>\n<\/li>\n<\/ul>\n<\/li>\n<\/ul>\n\n\n\n<p><\/p>\n","protected":false},"excerpt":{"rendered":"<p>Approach Human interactions with animals are ubiquitous in our lives: Pets are part of a majority of households in many countries and recognized by their owners as integral members of the family. Animals feed and clothe us, they work with us (e.g., guide dogs, scent detection dogs), and they substitute for us in medical and [&hellip;]<\/p>\n","protected":false},"author":415,"featured_media":0,"parent":0,"menu_order":0,"comment_status":"closed","ping_status":"closed","template":"","meta":{"footnotes":""},"categories":[],"class_list":["post-744","page","type-page","status-publish","hentry"],"yoast_head":"<!-- This site is optimized with the Yoast SEO Premium plugin v27.4 (Yoast SEO v27.4) - https:\/\/yoast.com\/product\/yoast-seo-premium-wordpress\/ -->\n<title>| Research laboratory on human-animal relations | UQAM<\/title>\n<meta name=\"robots\" content=\"index, follow, max-snippet:-1, max-image-preview:large, max-video-preview:-1\" \/>\n<link rel=\"canonical\" href=\"https:\/\/relationshumainsanimaux.uqam.ca\/en\/research-projects\/\" \/>\n<meta property=\"og:locale\" content=\"en_US\" \/>\n<meta property=\"og:type\" content=\"article\" \/>\n<meta property=\"og:description\" content=\"Approach Human interactions with animals are ubiquitous in our lives: Pets are part of a majority of households in many countries and recognized by their owners as integral members of the family. Animals feed and clothe us, they work with us (e.g., guide dogs, scent detection dogs), and they substitute for us in medical and [&hellip;]\" \/>\n<meta property=\"og:url\" content=\"https:\/\/relationshumainsanimaux.uqam.ca\/en\/research-projects\/\" \/>\n<meta property=\"og:site_name\" content=\"Research laboratory on human-animal relations\" \/>\n<meta property=\"article:modified_time\" content=\"2024-02-07T18:59:01+00:00\" \/>\n<meta property=\"og:image\" content=\"https:\/\/relationshumainsanimaux.uqam.ca\/wp-content\/uploads\/sites\/101\/2023\/10\/Header_IslandCow_v02_00000_00000-3.jpg\" \/>\n<meta name=\"twitter:card\" content=\"summary_large_image\" \/>\n<meta name=\"twitter:label1\" content=\"Est. reading time\" \/>\n\t<meta name=\"twitter:data1\" content=\"4 minutes\" \/>\n<script type=\"application\/ld+json\" class=\"yoast-schema-graph\">{\"@context\":\"https:\\\/\\\/schema.org\",\"@graph\":[{\"@type\":\"WebPage\",\"@id\":\"https:\\\/\\\/relationshumainsanimaux.uqam.ca\\\/en\\\/research-projects\\\/\",\"url\":\"https:\\\/\\\/relationshumainsanimaux.uqam.ca\\\/en\\\/research-projects\\\/\",\"name\":\"| Research laboratory on human-animal relations | UQAM\",\"isPartOf\":{\"@id\":\"https:\\\/\\\/relationshumainsanimaux.uqam.ca\\\/#website\"},\"primaryImageOfPage\":{\"@id\":\"https:\\\/\\\/relationshumainsanimaux.uqam.ca\\\/en\\\/research-projects\\\/#primaryimage\"},\"image\":{\"@id\":\"https:\\\/\\\/relationshumainsanimaux.uqam.ca\\\/en\\\/research-projects\\\/#primaryimage\"},\"thumbnailUrl\":\"https:\\\/\\\/relationshumainsanimaux.uqam.ca\\\/wp-content\\\/uploads\\\/sites\\\/101\\\/2023\\\/10\\\/Header_IslandCow_v02_00000_00000-3.jpg\",\"datePublished\":\"2023-10-11T15:19:03+00:00\",\"dateModified\":\"2024-02-07T18:59:01+00:00\",\"breadcrumb\":{\"@id\":\"https:\\\/\\\/relationshumainsanimaux.uqam.ca\\\/en\\\/research-projects\\\/#breadcrumb\"},\"inLanguage\":\"en-US\",\"potentialAction\":[{\"@type\":\"ReadAction\",\"target\":[\"https:\\\/\\\/relationshumainsanimaux.uqam.ca\\\/en\\\/research-projects\\\/\"]}]},{\"@type\":\"ImageObject\",\"inLanguage\":\"en-US\",\"@id\":\"https:\\\/\\\/relationshumainsanimaux.uqam.ca\\\/en\\\/research-projects\\\/#primaryimage\",\"url\":\"https:\\\/\\\/relationshumainsanimaux.uqam.ca\\\/wp-content\\\/uploads\\\/sites\\\/101\\\/2023\\\/10\\\/Header_IslandCow_v02_00000_00000-3.jpg\",\"contentUrl\":\"https:\\\/\\\/relationshumainsanimaux.uqam.ca\\\/wp-content\\\/uploads\\\/sites\\\/101\\\/2023\\\/10\\\/Header_IslandCow_v02_00000_00000-3.jpg\"},{\"@type\":\"BreadcrumbList\",\"@id\":\"https:\\\/\\\/relationshumainsanimaux.uqam.ca\\\/en\\\/research-projects\\\/#breadcrumb\",\"itemListElement\":[{\"@type\":\"ListItem\",\"position\":1,\"name\":\"UQAM\",\"item\":\"https:\\\/\\\/uqam.ca\"},{\"@type\":\"ListItem\",\"position\":2,\"name\":\"Research laboratory on human-animal relations\",\"item\":\"https:\\\/\\\/relationshumainsanimaux.uqam.ca\\\/en\\\/\"}]},{\"@type\":\"WebSite\",\"@id\":\"https:\\\/\\\/relationshumainsanimaux.uqam.ca\\\/#website\",\"url\":\"https:\\\/\\\/relationshumainsanimaux.uqam.ca\\\/\",\"name\":\"Research laboratory on human-animal relations\",\"description\":\"\",\"publisher\":{\"@id\":\"https:\\\/\\\/relationshumainsanimaux.uqam.ca\\\/#organization\"},\"potentialAction\":[{\"@type\":\"SearchAction\",\"target\":{\"@type\":\"EntryPoint\",\"urlTemplate\":\"https:\\\/\\\/relationshumainsanimaux.uqam.ca\\\/en\\\/\\\/recherche\\\/?q={search_term_string}\"},\"query-input\":{\"@type\":\"PropertyValueSpecification\",\"valueRequired\":true,\"valueName\":\"search_term_string\"}}],\"inLanguage\":\"en-US\"},{\"@type\":\"Organization\",\"@id\":\"https:\\\/\\\/relationshumainsanimaux.uqam.ca\\\/#organization\",\"name\":\"Laboratoire de recherche sur les relations humains-animaux\",\"url\":\"https:\\\/\\\/relationshumainsanimaux.uqam.ca\\\/\",\"logo\":{\"@type\":\"ImageObject\",\"inLanguage\":\"en-US\",\"@id\":\"https:\\\/\\\/relationshumainsanimaux.uqam.ca\\\/#\\\/schema\\\/logo\\\/image\\\/\",\"url\":\"https:\\\/\\\/gabarit-adaptatif.uqam.ca\\\/statique\\\/images\\\/logo-uqam.jpg\",\"contentUrl\":\"\",\"caption\":\"Laboratoire de recherche sur les relations humains-animaux\"},\"image\":{\"@id\":\"https:\\\/\\\/relationshumainsanimaux.uqam.ca\\\/#\\\/schema\\\/logo\\\/image\\\/\"},\"parentOrganization\":{\"@type\":\"EducationalOrganization\",\"@id\":\"https:\\\/\\\/uqam.ca\\\/#organization\",\"name\":\"Universit\u00e9 du Qu\u00e9bec \u00e0 Montr\u00e9al\",\"url\":\"https:\\\/\\\/uqam.ca\",\"alternateName\":\"UQAM\",\"logo\":\"https:\\\/\\\/gabarit-adaptatif.uqam.ca\\\/statique\\\/images\\\/logo-uqam.jpg\"}}]}<\/script>\n<!-- \/ Yoast SEO Premium plugin. -->","yoast_head_json":{"title":"| Research laboratory on human-animal relations | UQAM","robots":{"index":"index","follow":"follow","max-snippet":"max-snippet:-1","max-image-preview":"max-image-preview:large","max-video-preview":"max-video-preview:-1"},"canonical":"https:\/\/relationshumainsanimaux.uqam.ca\/en\/research-projects\/","og_locale":"en_US","og_type":"article","og_description":"Approach Human interactions with animals are ubiquitous in our lives: Pets are part of a majority of households in many countries and recognized by their owners as integral members of the family. Animals feed and clothe us, they work with us (e.g., guide dogs, scent detection dogs), and they substitute for us in medical and [&hellip;]","og_url":"https:\/\/relationshumainsanimaux.uqam.ca\/en\/research-projects\/","og_site_name":"Research laboratory on human-animal relations","article_modified_time":"2024-02-07T18:59:01+00:00","og_image":[{"url":"https:\/\/relationshumainsanimaux.uqam.ca\/wp-content\/uploads\/sites\/101\/2023\/10\/Header_IslandCow_v02_00000_00000-3.jpg","type":"","width":"","height":""}],"twitter_card":"summary_large_image","twitter_misc":{"Est. reading time":"4 minutes"},"schema":{"@context":"https:\/\/schema.org","@graph":[{"@type":"WebPage","@id":"https:\/\/relationshumainsanimaux.uqam.ca\/en\/research-projects\/","url":"https:\/\/relationshumainsanimaux.uqam.ca\/en\/research-projects\/","name":"| Research laboratory on human-animal relations | UQAM","isPartOf":{"@id":"https:\/\/relationshumainsanimaux.uqam.ca\/#website"},"primaryImageOfPage":{"@id":"https:\/\/relationshumainsanimaux.uqam.ca\/en\/research-projects\/#primaryimage"},"image":{"@id":"https:\/\/relationshumainsanimaux.uqam.ca\/en\/research-projects\/#primaryimage"},"thumbnailUrl":"https:\/\/relationshumainsanimaux.uqam.ca\/wp-content\/uploads\/sites\/101\/2023\/10\/Header_IslandCow_v02_00000_00000-3.jpg","datePublished":"2023-10-11T15:19:03+00:00","dateModified":"2024-02-07T18:59:01+00:00","breadcrumb":{"@id":"https:\/\/relationshumainsanimaux.uqam.ca\/en\/research-projects\/#breadcrumb"},"inLanguage":"en-US","potentialAction":[{"@type":"ReadAction","target":["https:\/\/relationshumainsanimaux.uqam.ca\/en\/research-projects\/"]}]},{"@type":"ImageObject","inLanguage":"en-US","@id":"https:\/\/relationshumainsanimaux.uqam.ca\/en\/research-projects\/#primaryimage","url":"https:\/\/relationshumainsanimaux.uqam.ca\/wp-content\/uploads\/sites\/101\/2023\/10\/Header_IslandCow_v02_00000_00000-3.jpg","contentUrl":"https:\/\/relationshumainsanimaux.uqam.ca\/wp-content\/uploads\/sites\/101\/2023\/10\/Header_IslandCow_v02_00000_00000-3.jpg"},{"@type":"BreadcrumbList","@id":"https:\/\/relationshumainsanimaux.uqam.ca\/en\/research-projects\/#breadcrumb","itemListElement":[{"@type":"ListItem","position":1,"name":"UQAM","item":"https:\/\/uqam.ca"},{"@type":"ListItem","position":2,"name":"Research laboratory on human-animal relations","item":"https:\/\/relationshumainsanimaux.uqam.ca\/en\/"}]},{"@type":"WebSite","@id":"https:\/\/relationshumainsanimaux.uqam.ca\/#website","url":"https:\/\/relationshumainsanimaux.uqam.ca\/","name":"Research laboratory on human-animal relations","description":"","publisher":{"@id":"https:\/\/relationshumainsanimaux.uqam.ca\/#organization"},"potentialAction":[{"@type":"SearchAction","target":{"@type":"EntryPoint","urlTemplate":"https:\/\/relationshumainsanimaux.uqam.ca\/en\/\/recherche\/?q={search_term_string}"},"query-input":{"@type":"PropertyValueSpecification","valueRequired":true,"valueName":"search_term_string"}}],"inLanguage":"en-US"},{"@type":"Organization","@id":"https:\/\/relationshumainsanimaux.uqam.ca\/#organization","name":"Laboratoire de recherche sur les relations humains-animaux","url":"https:\/\/relationshumainsanimaux.uqam.ca\/","logo":{"@type":"ImageObject","inLanguage":"en-US","@id":"https:\/\/relationshumainsanimaux.uqam.ca\/#\/schema\/logo\/image\/","url":"https:\/\/gabarit-adaptatif.uqam.ca\/statique\/images\/logo-uqam.jpg","contentUrl":"","caption":"Laboratoire de recherche sur les relations humains-animaux"},"image":{"@id":"https:\/\/relationshumainsanimaux.uqam.ca\/#\/schema\/logo\/image\/"},"parentOrganization":{"@type":"EducationalOrganization","@id":"https:\/\/uqam.ca\/#organization","name":"Universit\u00e9 du Qu\u00e9bec \u00e0 Montr\u00e9al","url":"https:\/\/uqam.ca","alternateName":"UQAM","logo":"https:\/\/gabarit-adaptatif.uqam.ca\/statique\/images\/logo-uqam.jpg"}}]}},"_links":{"self":[{"href":"https:\/\/relationshumainsanimaux.uqam.ca\/en\/wp-json\/wp\/v2\/pages\/744","targetHints":{"allow":["GET"]}}],"collection":[{"href":"https:\/\/relationshumainsanimaux.uqam.ca\/en\/wp-json\/wp\/v2\/pages"}],"about":[{"href":"https:\/\/relationshumainsanimaux.uqam.ca\/en\/wp-json\/wp\/v2\/types\/page"}],"author":[{"embeddable":true,"href":"https:\/\/relationshumainsanimaux.uqam.ca\/en\/wp-json\/wp\/v2\/users\/415"}],"replies":[{"embeddable":true,"href":"https:\/\/relationshumainsanimaux.uqam.ca\/en\/wp-json\/wp\/v2\/comments?post=744"}],"version-history":[{"count":9,"href":"https:\/\/relationshumainsanimaux.uqam.ca\/en\/wp-json\/wp\/v2\/pages\/744\/revisions"}],"predecessor-version":[{"id":1857,"href":"https:\/\/relationshumainsanimaux.uqam.ca\/en\/wp-json\/wp\/v2\/pages\/744\/revisions\/1857"}],"wp:attachment":[{"href":"https:\/\/relationshumainsanimaux.uqam.ca\/en\/wp-json\/wp\/v2\/media?parent=744"}],"wp:term":[{"taxonomy":"category","embeddable":true,"href":"https:\/\/relationshumainsanimaux.uqam.ca\/en\/wp-json\/wp\/v2\/categories?post=744"}],"curies":[{"name":"wp","href":"https:\/\/api.w.org\/{rel}","templated":true}]}}