{"id":1811,"date":"2024-01-31T10:15:41","date_gmt":"2024-01-31T15:15:41","guid":{"rendered":"https:\/\/relationshumainsanimaux.uqam.ca\/?page_id=1811"},"modified":"2024-03-03T16:41:37","modified_gmt":"2024-03-03T21:41:37","slug":"1811-2","status":"publish","type":"page","link":"https:\/\/relationshumainsanimaux.uqam.ca\/en\/1811-2\/","title":{"rendered":"Photo gallery"},"content":{"rendered":"\n<figure class=\"wp-block-image size-large\"><img loading=\"lazy\" decoding=\"async\" width=\"1024\" height=\"576\" src=\"https:\/\/relationshumainsanimaux.uqam.ca\/wp-content\/uploads\/sites\/101\/2024\/01\/stillvideorecrutemnet_00053-1024x576.jpg\" alt=\"\" class=\"wp-image-1764\" srcset=\"https:\/\/relationshumainsanimaux.uqam.ca\/wp-content\/uploads\/sites\/101\/2024\/01\/stillvideorecrutemnet_00053-1024x576.jpg 1024w, https:\/\/relationshumainsanimaux.uqam.ca\/wp-content\/uploads\/sites\/101\/2024\/01\/stillvideorecrutemnet_00053-300x169.jpg 300w, https:\/\/relationshumainsanimaux.uqam.ca\/wp-content\/uploads\/sites\/101\/2024\/01\/stillvideorecrutemnet_00053-768x432.jpg 768w, https:\/\/relationshumainsanimaux.uqam.ca\/wp-content\/uploads\/sites\/101\/2024\/01\/stillvideorecrutemnet_00053-1536x864.jpg 1536w, https:\/\/relationshumainsanimaux.uqam.ca\/wp-content\/uploads\/sites\/101\/2024\/01\/stillvideorecrutemnet_00053.jpg 1920w\" sizes=\"auto, (max-width: 1024px) 100vw, 1024px\" \/><\/figure>\n\n\n\n<figure class=\"wp-block-gallery has-nested-images columns-default is-cropped wp-block-gallery-1 is-layout-flex wp-block-gallery-is-layout-flex\">\n<figure class=\"wp-block-image size-large\"><img loading=\"lazy\" decoding=\"async\" width=\"768\" height=\"1024\" data-id=\"1758\" src=\"https:\/\/relationshumainsanimaux.uqam.ca\/wp-content\/uploads\/sites\/101\/2024\/01\/20231023_125549-768x1024.jpeg\" alt=\"\" class=\"wp-image-1758\" srcset=\"https:\/\/relationshumainsanimaux.uqam.ca\/wp-content\/uploads\/sites\/101\/2024\/01\/20231023_125549-768x1024.jpeg 768w, https:\/\/relationshumainsanimaux.uqam.ca\/wp-content\/uploads\/sites\/101\/2024\/01\/20231023_125549-225x300.jpeg 225w, https:\/\/relationshumainsanimaux.uqam.ca\/wp-content\/uploads\/sites\/101\/2024\/01\/20231023_125549-1152x1536.jpeg 1152w, https:\/\/relationshumainsanimaux.uqam.ca\/wp-content\/uploads\/sites\/101\/2024\/01\/20231023_125549-1536x2048.jpeg 1536w, https:\/\/relationshumainsanimaux.uqam.ca\/wp-content\/uploads\/sites\/101\/2024\/01\/20231023_125549-scaled.jpeg 1920w\" sizes=\"auto, (max-width: 768px) 100vw, 768px\" \/><\/figure>\n\n\n\n<figure class=\"wp-block-image size-large\"><img loading=\"lazy\" decoding=\"async\" width=\"768\" height=\"1024\" data-id=\"1762\" src=\"https:\/\/relationshumainsanimaux.uqam.ca\/wp-content\/uploads\/sites\/101\/2024\/01\/20231023_125554-768x1024.jpeg\" alt=\"\" class=\"wp-image-1762\" srcset=\"https:\/\/relationshumainsanimaux.uqam.ca\/wp-content\/uploads\/sites\/101\/2024\/01\/20231023_125554-768x1024.jpeg 768w, https:\/\/relationshumainsanimaux.uqam.ca\/wp-content\/uploads\/sites\/101\/2024\/01\/20231023_125554-225x300.jpeg 225w, https:\/\/relationshumainsanimaux.uqam.ca\/wp-content\/uploads\/sites\/101\/2024\/01\/20231023_125554-1152x1536.jpeg 1152w, https:\/\/relationshumainsanimaux.uqam.ca\/wp-content\/uploads\/sites\/101\/2024\/01\/20231023_125554-1536x2048.jpeg 1536w, https:\/\/relationshumainsanimaux.uqam.ca\/wp-content\/uploads\/sites\/101\/2024\/01\/20231023_125554-scaled.jpeg 1920w\" sizes=\"auto, (max-width: 768px) 100vw, 768px\" \/><\/figure>\n<\/figure>\n\n\n\n<figure class=\"wp-block-gallery has-nested-images columns-default is-cropped wp-block-gallery-2 is-layout-flex wp-block-gallery-is-layout-flex\">\n<figure class=\"wp-block-image size-full\"><img loading=\"lazy\" decoding=\"async\" width=\"590\" height=\"796\" data-id=\"1832\" src=\"https:\/\/relationshumainsanimaux.uqam.ca\/wp-content\/uploads\/sites\/101\/2024\/01\/IMG_6994_00000-8.jpg\" alt=\"\" class=\"wp-image-1832\" srcset=\"https:\/\/relationshumainsanimaux.uqam.ca\/wp-content\/uploads\/sites\/101\/2024\/01\/IMG_6994_00000-8.jpg 590w, https:\/\/relationshumainsanimaux.uqam.ca\/wp-content\/uploads\/sites\/101\/2024\/01\/IMG_6994_00000-8-222x300.jpg 222w\" sizes=\"auto, (max-width: 590px) 100vw, 590px\" \/><\/figure>\n\n\n\n<figure class=\"wp-block-image size-large\"><img loading=\"lazy\" decoding=\"async\" width=\"768\" height=\"1024\" data-id=\"1829\" src=\"https:\/\/relationshumainsanimaux.uqam.ca\/wp-content\/uploads\/sites\/101\/2024\/01\/20231104_115320-7-768x1024.jpeg\" alt=\"\" class=\"wp-image-1829\" srcset=\"https:\/\/relationshumainsanimaux.uqam.ca\/wp-content\/uploads\/sites\/101\/2024\/01\/20231104_115320-7-768x1024.jpeg 768w, https:\/\/relationshumainsanimaux.uqam.ca\/wp-content\/uploads\/sites\/101\/2024\/01\/20231104_115320-7-225x300.jpeg 225w, https:\/\/relationshumainsanimaux.uqam.ca\/wp-content\/uploads\/sites\/101\/2024\/01\/20231104_115320-7-1152x1536.jpeg 1152w, https:\/\/relationshumainsanimaux.uqam.ca\/wp-content\/uploads\/sites\/101\/2024\/01\/20231104_115320-7-1536x2048.jpeg 1536w, https:\/\/relationshumainsanimaux.uqam.ca\/wp-content\/uploads\/sites\/101\/2024\/01\/20231104_115320-7-scaled.jpeg 1920w\" sizes=\"auto, (max-width: 768px) 100vw, 768px\" \/><\/figure>\n<\/figure>\n\n\n\n<figure class=\"wp-block-image size-large\"><img loading=\"lazy\" decoding=\"async\" width=\"1000\" height=\"1024\" src=\"https:\/\/relationshumainsanimaux.uqam.ca\/wp-content\/uploads\/sites\/101\/2024\/03\/PXL_20240221_221754588_00001-1-1000x1024.jpg\" alt=\"\" class=\"wp-image-1945\" srcset=\"https:\/\/relationshumainsanimaux.uqam.ca\/wp-content\/uploads\/sites\/101\/2024\/03\/PXL_20240221_221754588_00001-1-1000x1024.jpg 1000w, https:\/\/relationshumainsanimaux.uqam.ca\/wp-content\/uploads\/sites\/101\/2024\/03\/PXL_20240221_221754588_00001-1-293x300.jpg 293w, https:\/\/relationshumainsanimaux.uqam.ca\/wp-content\/uploads\/sites\/101\/2024\/03\/PXL_20240221_221754588_00001-1-768x786.jpg 768w, https:\/\/relationshumainsanimaux.uqam.ca\/wp-content\/uploads\/sites\/101\/2024\/03\/PXL_20240221_221754588_00001-1-1500x1536.jpg 1500w, https:\/\/relationshumainsanimaux.uqam.ca\/wp-content\/uploads\/sites\/101\/2024\/03\/PXL_20240221_221754588_00001-1-2000x2048.jpg 2000w\" sizes=\"auto, (max-width: 1000px) 100vw, 1000px\" \/><\/figure>\n\n\n\n<div class=\"wp-block-columns is-layout-flex wp-container-core-columns-is-layout-9d6595d7 wp-block-columns-is-layout-flex\">\n<div class=\"wp-block-column is-layout-flow wp-block-column-is-layout-flow\">\n<figure class=\"wp-block-image size-large\"><img loading=\"lazy\" decoding=\"async\" width=\"1000\" height=\"1024\" src=\"https:\/\/relationshumainsanimaux.uqam.ca\/wp-content\/uploads\/sites\/101\/2024\/03\/PXL_20240221_221754588_00006-1000x1024.jpg\" alt=\"\" class=\"wp-image-1930\" srcset=\"https:\/\/relationshumainsanimaux.uqam.ca\/wp-content\/uploads\/sites\/101\/2024\/03\/PXL_20240221_221754588_00006-1000x1024.jpg 1000w, https:\/\/relationshumainsanimaux.uqam.ca\/wp-content\/uploads\/sites\/101\/2024\/03\/PXL_20240221_221754588_00006-293x300.jpg 293w, https:\/\/relationshumainsanimaux.uqam.ca\/wp-content\/uploads\/sites\/101\/2024\/03\/PXL_20240221_221754588_00006-768x786.jpg 768w, https:\/\/relationshumainsanimaux.uqam.ca\/wp-content\/uploads\/sites\/101\/2024\/03\/PXL_20240221_221754588_00006-1500x1536.jpg 1500w, https:\/\/relationshumainsanimaux.uqam.ca\/wp-content\/uploads\/sites\/101\/2024\/03\/PXL_20240221_221754588_00006-2000x2048.jpg 2000w\" sizes=\"auto, (max-width: 1000px) 100vw, 1000px\" \/><\/figure>\n<\/div>\n\n\n\n<div class=\"wp-block-column is-layout-flow wp-block-column-is-layout-flow\">\n<figure class=\"wp-block-image size-large\"><img loading=\"lazy\" decoding=\"async\" width=\"1000\" height=\"1024\" src=\"https:\/\/relationshumainsanimaux.uqam.ca\/wp-content\/uploads\/sites\/101\/2024\/03\/PXL_20240221_221754588_00005-1000x1024.jpg\" alt=\"\" class=\"wp-image-1932\" srcset=\"https:\/\/relationshumainsanimaux.uqam.ca\/wp-content\/uploads\/sites\/101\/2024\/03\/PXL_20240221_221754588_00005-1000x1024.jpg 1000w, https:\/\/relationshumainsanimaux.uqam.ca\/wp-content\/uploads\/sites\/101\/2024\/03\/PXL_20240221_221754588_00005-293x300.jpg 293w, https:\/\/relationshumainsanimaux.uqam.ca\/wp-content\/uploads\/sites\/101\/2024\/03\/PXL_20240221_221754588_00005-768x786.jpg 768w, https:\/\/relationshumainsanimaux.uqam.ca\/wp-content\/uploads\/sites\/101\/2024\/03\/PXL_20240221_221754588_00005-1500x1536.jpg 1500w, https:\/\/relationshumainsanimaux.uqam.ca\/wp-content\/uploads\/sites\/101\/2024\/03\/PXL_20240221_221754588_00005-2000x2048.jpg 2000w\" sizes=\"auto, (max-width: 1000px) 100vw, 1000px\" \/><\/figure>\n<\/div>\n<\/div>\n\n\n\n<div class=\"wp-block-columns is-layout-flex wp-container-core-columns-is-layout-9d6595d7 wp-block-columns-is-layout-flex\">\n<div class=\"wp-block-column is-layout-flow wp-block-column-is-layout-flow\">\n<figure class=\"wp-block-image size-large\"><img loading=\"lazy\" decoding=\"async\" width=\"1000\" height=\"1024\" src=\"https:\/\/relationshumainsanimaux.uqam.ca\/wp-content\/uploads\/sites\/101\/2024\/03\/PXL_20240221_221754588_00004-1000x1024.jpg\" alt=\"\" class=\"wp-image-1936\" srcset=\"https:\/\/relationshumainsanimaux.uqam.ca\/wp-content\/uploads\/sites\/101\/2024\/03\/PXL_20240221_221754588_00004-1000x1024.jpg 1000w, https:\/\/relationshumainsanimaux.uqam.ca\/wp-content\/uploads\/sites\/101\/2024\/03\/PXL_20240221_221754588_00004-293x300.jpg 293w, https:\/\/relationshumainsanimaux.uqam.ca\/wp-content\/uploads\/sites\/101\/2024\/03\/PXL_20240221_221754588_00004-768x786.jpg 768w, https:\/\/relationshumainsanimaux.uqam.ca\/wp-content\/uploads\/sites\/101\/2024\/03\/PXL_20240221_221754588_00004-1500x1536.jpg 1500w, https:\/\/relationshumainsanimaux.uqam.ca\/wp-content\/uploads\/sites\/101\/2024\/03\/PXL_20240221_221754588_00004-2000x2048.jpg 2000w\" sizes=\"auto, (max-width: 1000px) 100vw, 1000px\" \/><\/figure>\n<\/div>\n\n\n\n<div class=\"wp-block-column is-layout-flow wp-block-column-is-layout-flow\">\n<figure class=\"wp-block-image size-large\"><img loading=\"lazy\" decoding=\"async\" width=\"1000\" height=\"1024\" src=\"https:\/\/relationshumainsanimaux.uqam.ca\/wp-content\/uploads\/sites\/101\/2024\/03\/PXL_20240221_221754588_00003-1000x1024.jpg\" alt=\"\" class=\"wp-image-1938\" srcset=\"https:\/\/relationshumainsanimaux.uqam.ca\/wp-content\/uploads\/sites\/101\/2024\/03\/PXL_20240221_221754588_00003-1000x1024.jpg 1000w, https:\/\/relationshumainsanimaux.uqam.ca\/wp-content\/uploads\/sites\/101\/2024\/03\/PXL_20240221_221754588_00003-293x300.jpg 293w, https:\/\/relationshumainsanimaux.uqam.ca\/wp-content\/uploads\/sites\/101\/2024\/03\/PXL_20240221_221754588_00003-768x786.jpg 768w, https:\/\/relationshumainsanimaux.uqam.ca\/wp-content\/uploads\/sites\/101\/2024\/03\/PXL_20240221_221754588_00003-1500x1536.jpg 1500w, https:\/\/relationshumainsanimaux.uqam.ca\/wp-content\/uploads\/sites\/101\/2024\/03\/PXL_20240221_221754588_00003-2000x2048.jpg 2000w\" sizes=\"auto, (max-width: 1000px) 100vw, 1000px\" \/><\/figure>\n<\/div>\n\n\n\n<div class=\"wp-block-column is-layout-flow wp-block-column-is-layout-flow\">\n<figure class=\"wp-block-image size-large\"><img loading=\"lazy\" decoding=\"async\" width=\"1000\" height=\"1024\" src=\"https:\/\/relationshumainsanimaux.uqam.ca\/wp-content\/uploads\/sites\/101\/2024\/03\/PXL_20240221_221754588_00000-1000x1024.jpg\" alt=\"\" class=\"wp-image-1942\" srcset=\"https:\/\/relationshumainsanimaux.uqam.ca\/wp-content\/uploads\/sites\/101\/2024\/03\/PXL_20240221_221754588_00000-1000x1024.jpg 1000w, https:\/\/relationshumainsanimaux.uqam.ca\/wp-content\/uploads\/sites\/101\/2024\/03\/PXL_20240221_221754588_00000-293x300.jpg 293w, https:\/\/relationshumainsanimaux.uqam.ca\/wp-content\/uploads\/sites\/101\/2024\/03\/PXL_20240221_221754588_00000-768x786.jpg 768w, https:\/\/relationshumainsanimaux.uqam.ca\/wp-content\/uploads\/sites\/101\/2024\/03\/PXL_20240221_221754588_00000-1500x1536.jpg 1500w, https:\/\/relationshumainsanimaux.uqam.ca\/wp-content\/uploads\/sites\/101\/2024\/03\/PXL_20240221_221754588_00000-2000x2048.jpg 2000w\" sizes=\"auto, (max-width: 1000px) 100vw, 1000px\" \/><\/figure>\n<\/div>\n<\/div>\n","protected":false},"excerpt":{"rendered":"","protected":false},"author":415,"featured_media":0,"parent":0,"menu_order":0,"comment_status":"closed","ping_status":"closed","template":"","meta":{"footnotes":""},"categories":[],"class_list":["post-1811","page","type-page","status-publish","hentry"],"yoast_head":"<!-- This site is optimized with the Yoast SEO Premium plugin v27.4 (Yoast SEO v27.4) - https:\/\/yoast.com\/product\/yoast-seo-premium-wordpress\/ -->\n<title>Photo gallery | Research laboratory on human-animal relations | UQAM<\/title>\n<meta name=\"robots\" content=\"index, follow, max-snippet:-1, max-image-preview:large, max-video-preview:-1\" \/>\n<link rel=\"canonical\" href=\"https:\/\/relationshumainsanimaux.uqam.ca\/en\/1811-2\/\" \/>\n<meta property=\"og:locale\" content=\"en_US\" \/>\n<meta property=\"og:type\" content=\"article\" \/>\n<meta property=\"og:title\" content=\"Photo gallery\" \/>\n<meta property=\"og:url\" content=\"https:\/\/relationshumainsanimaux.uqam.ca\/en\/1811-2\/\" \/>\n<meta property=\"og:site_name\" content=\"Research laboratory on human-animal relations\" \/>\n<meta property=\"article:modified_time\" content=\"2024-03-03T21:41:37+00:00\" \/>\n<meta property=\"og:image\" content=\"https:\/\/relationshumainsanimaux.uqam.ca\/wp-content\/uploads\/sites\/101\/2024\/01\/stillvideorecrutemnet_00053-1024x576.jpg\" \/>\n<meta name=\"twitter:card\" content=\"summary_large_image\" \/>\n<meta name=\"twitter:label1\" content=\"Est. reading time\" \/>\n\t<meta name=\"twitter:data1\" content=\"3 minutes\" \/>\n<script type=\"application\/ld+json\" class=\"yoast-schema-graph\">{\"@context\":\"https:\\\/\\\/schema.org\",\"@graph\":[{\"@type\":\"WebPage\",\"@id\":\"https:\\\/\\\/relationshumainsanimaux.uqam.ca\\\/en\\\/1811-2\\\/\",\"url\":\"https:\\\/\\\/relationshumainsanimaux.uqam.ca\\\/en\\\/1811-2\\\/\",\"name\":\"Photo gallery | Research laboratory on human-animal relations | UQAM\",\"isPartOf\":{\"@id\":\"https:\\\/\\\/relationshumainsanimaux.uqam.ca\\\/#website\"},\"primaryImageOfPage\":{\"@id\":\"https:\\\/\\\/relationshumainsanimaux.uqam.ca\\\/en\\\/1811-2\\\/#primaryimage\"},\"image\":{\"@id\":\"https:\\\/\\\/relationshumainsanimaux.uqam.ca\\\/en\\\/1811-2\\\/#primaryimage\"},\"thumbnailUrl\":\"https:\\\/\\\/relationshumainsanimaux.uqam.ca\\\/wp-content\\\/uploads\\\/sites\\\/101\\\/2024\\\/01\\\/stillvideorecrutemnet_00053-1024x576.jpg\",\"datePublished\":\"2024-01-31T15:15:41+00:00\",\"dateModified\":\"2024-03-03T21:41:37+00:00\",\"breadcrumb\":{\"@id\":\"https:\\\/\\\/relationshumainsanimaux.uqam.ca\\\/en\\\/1811-2\\\/#breadcrumb\"},\"inLanguage\":\"en-US\",\"potentialAction\":[{\"@type\":\"ReadAction\",\"target\":[\"https:\\\/\\\/relationshumainsanimaux.uqam.ca\\\/en\\\/1811-2\\\/\"]}]},{\"@type\":\"ImageObject\",\"inLanguage\":\"en-US\",\"@id\":\"https:\\\/\\\/relationshumainsanimaux.uqam.ca\\\/en\\\/1811-2\\\/#primaryimage\",\"url\":\"https:\\\/\\\/relationshumainsanimaux.uqam.ca\\\/wp-content\\\/uploads\\\/sites\\\/101\\\/2024\\\/01\\\/stillvideorecrutemnet_00053-1024x576.jpg\",\"contentUrl\":\"https:\\\/\\\/relationshumainsanimaux.uqam.ca\\\/wp-content\\\/uploads\\\/sites\\\/101\\\/2024\\\/01\\\/stillvideorecrutemnet_00053-1024x576.jpg\"},{\"@type\":\"BreadcrumbList\",\"@id\":\"https:\\\/\\\/relationshumainsanimaux.uqam.ca\\\/en\\\/1811-2\\\/#breadcrumb\",\"itemListElement\":[{\"@type\":\"ListItem\",\"position\":1,\"name\":\"UQAM\",\"item\":\"https:\\\/\\\/uqam.ca\"},{\"@type\":\"ListItem\",\"position\":2,\"name\":\"Research laboratory on human-animal relations\",\"item\":\"https:\\\/\\\/relationshumainsanimaux.uqam.ca\\\/en\\\/\"},{\"@type\":\"ListItem\",\"position\":3,\"name\":\"Photo gallery\"}]},{\"@type\":\"WebSite\",\"@id\":\"https:\\\/\\\/relationshumainsanimaux.uqam.ca\\\/#website\",\"url\":\"https:\\\/\\\/relationshumainsanimaux.uqam.ca\\\/\",\"name\":\"Research laboratory on human-animal relations\",\"description\":\"\",\"publisher\":{\"@id\":\"https:\\\/\\\/relationshumainsanimaux.uqam.ca\\\/#organization\"},\"potentialAction\":[{\"@type\":\"SearchAction\",\"target\":{\"@type\":\"EntryPoint\",\"urlTemplate\":\"https:\\\/\\\/relationshumainsanimaux.uqam.ca\\\/en\\\/\\\/recherche\\\/?q={search_term_string}\"},\"query-input\":{\"@type\":\"PropertyValueSpecification\",\"valueRequired\":true,\"valueName\":\"search_term_string\"}}],\"inLanguage\":\"en-US\"},{\"@type\":\"Organization\",\"@id\":\"https:\\\/\\\/relationshumainsanimaux.uqam.ca\\\/#organization\",\"name\":\"Laboratoire de recherche sur les relations humains-animaux\",\"url\":\"https:\\\/\\\/relationshumainsanimaux.uqam.ca\\\/\",\"logo\":{\"@type\":\"ImageObject\",\"inLanguage\":\"en-US\",\"@id\":\"https:\\\/\\\/relationshumainsanimaux.uqam.ca\\\/#\\\/schema\\\/logo\\\/image\\\/\",\"url\":\"https:\\\/\\\/gabarit-adaptatif.uqam.ca\\\/statique\\\/images\\\/logo-uqam.jpg\",\"contentUrl\":\"\",\"caption\":\"Laboratoire de recherche sur les relations humains-animaux\"},\"image\":{\"@id\":\"https:\\\/\\\/relationshumainsanimaux.uqam.ca\\\/#\\\/schema\\\/logo\\\/image\\\/\"},\"parentOrganization\":{\"@type\":\"EducationalOrganization\",\"@id\":\"https:\\\/\\\/uqam.ca\\\/#organization\",\"name\":\"Universit\u00e9 du Qu\u00e9bec \u00e0 Montr\u00e9al\",\"url\":\"https:\\\/\\\/uqam.ca\",\"alternateName\":\"UQAM\",\"logo\":\"https:\\\/\\\/gabarit-adaptatif.uqam.ca\\\/statique\\\/images\\\/logo-uqam.jpg\"}}]}<\/script>\n<!-- \/ Yoast SEO Premium plugin. -->","yoast_head_json":{"title":"Photo gallery | Research laboratory on human-animal relations | UQAM","robots":{"index":"index","follow":"follow","max-snippet":"max-snippet:-1","max-image-preview":"max-image-preview:large","max-video-preview":"max-video-preview:-1"},"canonical":"https:\/\/relationshumainsanimaux.uqam.ca\/en\/1811-2\/","og_locale":"en_US","og_type":"article","og_title":"Photo gallery","og_url":"https:\/\/relationshumainsanimaux.uqam.ca\/en\/1811-2\/","og_site_name":"Research laboratory on human-animal relations","article_modified_time":"2024-03-03T21:41:37+00:00","og_image":[{"url":"https:\/\/relationshumainsanimaux.uqam.ca\/wp-content\/uploads\/sites\/101\/2024\/01\/stillvideorecrutemnet_00053-1024x576.jpg","type":"","width":"","height":""}],"twitter_card":"summary_large_image","twitter_misc":{"Est. reading time":"3 minutes"},"schema":{"@context":"https:\/\/schema.org","@graph":[{"@type":"WebPage","@id":"https:\/\/relationshumainsanimaux.uqam.ca\/en\/1811-2\/","url":"https:\/\/relationshumainsanimaux.uqam.ca\/en\/1811-2\/","name":"Photo gallery | Research laboratory on human-animal relations | UQAM","isPartOf":{"@id":"https:\/\/relationshumainsanimaux.uqam.ca\/#website"},"primaryImageOfPage":{"@id":"https:\/\/relationshumainsanimaux.uqam.ca\/en\/1811-2\/#primaryimage"},"image":{"@id":"https:\/\/relationshumainsanimaux.uqam.ca\/en\/1811-2\/#primaryimage"},"thumbnailUrl":"https:\/\/relationshumainsanimaux.uqam.ca\/wp-content\/uploads\/sites\/101\/2024\/01\/stillvideorecrutemnet_00053-1024x576.jpg","datePublished":"2024-01-31T15:15:41+00:00","dateModified":"2024-03-03T21:41:37+00:00","breadcrumb":{"@id":"https:\/\/relationshumainsanimaux.uqam.ca\/en\/1811-2\/#breadcrumb"},"inLanguage":"en-US","potentialAction":[{"@type":"ReadAction","target":["https:\/\/relationshumainsanimaux.uqam.ca\/en\/1811-2\/"]}]},{"@type":"ImageObject","inLanguage":"en-US","@id":"https:\/\/relationshumainsanimaux.uqam.ca\/en\/1811-2\/#primaryimage","url":"https:\/\/relationshumainsanimaux.uqam.ca\/wp-content\/uploads\/sites\/101\/2024\/01\/stillvideorecrutemnet_00053-1024x576.jpg","contentUrl":"https:\/\/relationshumainsanimaux.uqam.ca\/wp-content\/uploads\/sites\/101\/2024\/01\/stillvideorecrutemnet_00053-1024x576.jpg"},{"@type":"BreadcrumbList","@id":"https:\/\/relationshumainsanimaux.uqam.ca\/en\/1811-2\/#breadcrumb","itemListElement":[{"@type":"ListItem","position":1,"name":"UQAM","item":"https:\/\/uqam.ca"},{"@type":"ListItem","position":2,"name":"Research laboratory on human-animal relations","item":"https:\/\/relationshumainsanimaux.uqam.ca\/en\/"},{"@type":"ListItem","position":3,"name":"Photo gallery"}]},{"@type":"WebSite","@id":"https:\/\/relationshumainsanimaux.uqam.ca\/#website","url":"https:\/\/relationshumainsanimaux.uqam.ca\/","name":"Research laboratory on human-animal relations","description":"","publisher":{"@id":"https:\/\/relationshumainsanimaux.uqam.ca\/#organization"},"potentialAction":[{"@type":"SearchAction","target":{"@type":"EntryPoint","urlTemplate":"https:\/\/relationshumainsanimaux.uqam.ca\/en\/\/recherche\/?q={search_term_string}"},"query-input":{"@type":"PropertyValueSpecification","valueRequired":true,"valueName":"search_term_string"}}],"inLanguage":"en-US"},{"@type":"Organization","@id":"https:\/\/relationshumainsanimaux.uqam.ca\/#organization","name":"Laboratoire de recherche sur les relations humains-animaux","url":"https:\/\/relationshumainsanimaux.uqam.ca\/","logo":{"@type":"ImageObject","inLanguage":"en-US","@id":"https:\/\/relationshumainsanimaux.uqam.ca\/#\/schema\/logo\/image\/","url":"https:\/\/gabarit-adaptatif.uqam.ca\/statique\/images\/logo-uqam.jpg","contentUrl":"","caption":"Laboratoire de recherche sur les relations humains-animaux"},"image":{"@id":"https:\/\/relationshumainsanimaux.uqam.ca\/#\/schema\/logo\/image\/"},"parentOrganization":{"@type":"EducationalOrganization","@id":"https:\/\/uqam.ca\/#organization","name":"Universit\u00e9 du Qu\u00e9bec \u00e0 Montr\u00e9al","url":"https:\/\/uqam.ca","alternateName":"UQAM","logo":"https:\/\/gabarit-adaptatif.uqam.ca\/statique\/images\/logo-uqam.jpg"}}]}},"_links":{"self":[{"href":"https:\/\/relationshumainsanimaux.uqam.ca\/en\/wp-json\/wp\/v2\/pages\/1811","targetHints":{"allow":["GET"]}}],"collection":[{"href":"https:\/\/relationshumainsanimaux.uqam.ca\/en\/wp-json\/wp\/v2\/pages"}],"about":[{"href":"https:\/\/relationshumainsanimaux.uqam.ca\/en\/wp-json\/wp\/v2\/types\/page"}],"author":[{"embeddable":true,"href":"https:\/\/relationshumainsanimaux.uqam.ca\/en\/wp-json\/wp\/v2\/users\/415"}],"replies":[{"embeddable":true,"href":"https:\/\/relationshumainsanimaux.uqam.ca\/en\/wp-json\/wp\/v2\/comments?post=1811"}],"version-history":[{"count":8,"href":"https:\/\/relationshumainsanimaux.uqam.ca\/en\/wp-json\/wp\/v2\/pages\/1811\/revisions"}],"predecessor-version":[{"id":1951,"href":"https:\/\/relationshumainsanimaux.uqam.ca\/en\/wp-json\/wp\/v2\/pages\/1811\/revisions\/1951"}],"wp:attachment":[{"href":"https:\/\/relationshumainsanimaux.uqam.ca\/en\/wp-json\/wp\/v2\/media?parent=1811"}],"wp:term":[{"taxonomy":"category","embeddable":true,"href":"https:\/\/relationshumainsanimaux.uqam.ca\/en\/wp-json\/wp\/v2\/categories?post=1811"}],"curies":[{"name":"wp","href":"https:\/\/api.w.org\/{rel}","templated":true}]}}