{"id":1117,"date":"2023-10-11T16:40:40","date_gmt":"2023-10-11T20:40:40","guid":{"rendered":"https:\/\/relationshumainsanimaux.uqam.ca\/1117-2\/"},"modified":"2025-09-20T13:34:58","modified_gmt":"2025-09-20T17:34:58","slug":"1117-2","status":"publish","type":"page","link":"https:\/\/relationshumainsanimaux.uqam.ca\/en\/1117-2\/","title":{"rendered":""},"content":{"rendered":"<div class=\"wp-block-image\">\n<figure class=\"aligncenter size-large\"><img loading=\"lazy\" decoding=\"async\" width=\"1024\" height=\"561\" src=\"https:\/\/relationshumainsanimaux.uqam.ca\/wp-content\/uploads\/sites\/101\/2024\/01\/CowSwissCrop_00000-1024x561.jpg\" alt=\"\" class=\"wp-image-1539\" srcset=\"https:\/\/relationshumainsanimaux.uqam.ca\/wp-content\/uploads\/sites\/101\/2024\/01\/CowSwissCrop_00000-1024x561.jpg 1024w, https:\/\/relationshumainsanimaux.uqam.ca\/wp-content\/uploads\/sites\/101\/2024\/01\/CowSwissCrop_00000-300x164.jpg 300w, https:\/\/relationshumainsanimaux.uqam.ca\/wp-content\/uploads\/sites\/101\/2024\/01\/CowSwissCrop_00000-768x421.jpg 768w, https:\/\/relationshumainsanimaux.uqam.ca\/wp-content\/uploads\/sites\/101\/2024\/01\/CowSwissCrop_00000-1536x841.jpg 1536w, https:\/\/relationshumainsanimaux.uqam.ca\/wp-content\/uploads\/sites\/101\/2024\/01\/CowSwissCrop_00000-2048x1122.jpg 2048w\" sizes=\"auto, (max-width: 1024px) 100vw, 1024px\" \/><figcaption class=\"wp-element-caption\">@Catherine Amiot<\/figcaption><\/figure>\n<\/div>\n\n\n<p class=\"has-text-align-center\" style=\"font-style:normal;font-weight:900;text-decoration:underline\">2018-2022<\/p>\n\n\n\n<h2 class=\"wp-block-heading has-text-align-left\" style=\"font-style:normal;font-weight:900\">Capturing and unpacking the nature of our psychological connection with other animals<\/h2>\n\n\n\n<p style=\"font-style:normal;font-weight:200\">This research project aimed to identify the different ways by which we can feel psychologically connected to other animals. In other words, how we can identify with animals and feel a sense of belonging to the animal kingdom. In addition, this project aimed to discover what are the consequences of these different ways of identifying with animals.<\/p>\n\n\n\n<p style=\"font-style:normal;font-weight:900\">Three ways of feeling connected to animals<\/p>\n\n\n\n<p style=\"font-style:normal;font-weight:200\">We discovered three ways or dimensions by which people can feel psychologically connected to animals. First, we can feel <strong>solidarity with animals<\/strong>, which represents people\u2019s psychological bond with, and commitment to, other animals. A person who feels such solidarity would agree with the following statement: \u2018I feel committed to animals\u2019. Second, people can identify with animals by recognizing that all animals, including humans, have a lot in common; this is referred to as <strong>human-animal similarity<\/strong>. Someone who feels strong human-animal similarity would agree with the statement: \u2018Animals, including human animals, have a lot in common with each other.\u2019 This person would also believe that animals are quite close to humans, for example, in terms of our intelligence and sensory abilities. Last but not least, people can have <strong>animal pride<\/strong> and identify with animals by feeling proud to be an animal. A person who feels high animal pride would agree with the statement: \u2018I am proud to be an animal.\u2019 This person directly recognizes being part of the animal kingdom and values being a member of this category.<\/p>\n\n\n\n<p style=\"font-style:normal;font-weight:900\">The implications of these dimensions<\/p>\n\n\n\n<p style=\"font-style:normal;font-weight:200\">A series of studies allowed us to test the concrete implications of these dimensions of identification, for animals and also for humans. We discovered that solidarity with animals predicted more positive attitudes and behaviors toward animals, even when this implies a loss of resources \u2014 like donations to charities \u2014 for humans relative to animals. Human-animal similarity, which is a more cognitive dimension, was associated with stronger moral considerations for animal welfare and a tendency to attribute typically human characteristics (e.g., intelligence, morality) to animals. F<a>inally, animal pride predicted more negative attitudes toward animals, and a stronger endorsement of ideologies that support more competitive and hierarchical intergroup relations within society\u2014 a dog-eat-dog world view. These reactions could be due to the fact that people who feel a strong pride to be an animal may also endorse a view of animals as aggressive and motivated to defend their own territory, and to apply these characteristics to humans and to themselves.<\/a><\/p>\n\n\n\n<p style=\"font-style:normal;font-weight:900\">Links with human psychological well-being<\/p>\n\n\n\n<p style=\"font-style:normal;font-weight:200\">We then tested whether these dimensions of identification with animals have implications for human well-being. In a large representative sample, we found that the animal pride dimension most clearly predicted psychological well-being (i.e., higher vitality, life satisfaction, presence of meaning in life, but lower stress, loneliness, psychological inflexibility). These results could be due to the fact that animal pride may involve a particularly deep acceptance of who we are, including of our more impulsive aspects that connect us to animals. Furthermore, solidarity with animals predicted lower well-being (i.e., lower life satisfaction, stronger search for meaning in life); these results could be explained by the fact that the desire to help other animals can be demanding and hence impede psychological well-being. The dimension of human-animal similarity was not associated with psychological well-being, suggesting that this more cognitive and somewhat colder dimension of identification does not play a role in predicting well-being.<\/p>\n\n\n\n<p style=\"font-style:normal;font-weight:900\">Particularly broad and inclusive implications and the role of contacts with pets<\/p>\n\n\n\n<p style=\"font-style:normal;font-weight:200\">In another large representative study, we then explored the role that the three dimensions of identification with animals play in predicting particularly inclusive outcomes and social attitudes. Specifically, solidarity with animals predicted more positive attitudes toward a diversity of animal types (e.g., wild and farm animals), and weaker perceptions that humans are superior to other animals (i.e., anthropocentrism). Additionally, solidarity with animals predicted stronger concerns for the environment. The human-animal similarity dimension also predicted lower anthropocentrism, while animal pride predicted lower internal conflict associated with being an animal oneself. Interestingly, we also observed in this study that pet owners reported more positive attitudes toward non-pet animals (i.e., wild and farm animals) but also higher environmental concerns and lower meat consumption compared to non-pet owners. These results confirm that pets can act as &#8216;ambassadors&#8217; of other animals more broadly, and even of nature. We also observed that the beneficial effects of having more positive and frequent contact with pets operated through an increase in solidarity with animals. These results suggest that concrete contacts with animals in our lives can encourage identification with animals more broadly; moreover, these contacts have implications that go beyond the specific context of human-pet interactions.<\/p>\n\n\n\n<p style=\"font-style:normal;font-weight:900\">Prediction of willingness to try meat alternatives<\/p>\n\n\n\n<p style=\"font-style:normal;font-weight:200\">Analyses conducted in the representative sample also aimed to verify whether the three dimensions of identification with animals, as well as some sociodemographic factors, predicted different variables that capture people\u2019s willingness to eat meat alternatives; for example, cultured meat and plant-based meat alternatives. First, descriptive analyses revealed that the majority of respondents were either willing or uncertain about trying cultured meat and plant-based meat alternatives, while a minority were not willing to try these alternatives to meat. Regarding sociodemographic factors, being younger, of a more left-leaning political orientation, and having attained a higher level of education predicted a greater adoption of meat alternatives. While men reported being more willing to consume cultured meat, women reported consuming a greater number of portions of plant-based meat alternatives. The dimension of identification with animals pertaining to human-animal similarity predicted higher willingness to eat cultured meat and plant-based meat alternatives. Our results confirm the role of age, gender, education level, and political orientation in predicting the adoption of meat alternatives in a representative Canadian sample. They also show that feeling more similar to animals predicts these emerging trends.<\/p>\n\n\n\n<h2 class=\"wp-block-heading has-text-align-center\" style=\"font-style:normal;font-weight:900\">Team members<\/h2>\n\n\n\n<div class=\"wp-block-columns is-layout-flex wp-container-core-columns-is-layout-9d6595d7 wp-block-columns-is-layout-flex\">\n<div class=\"wp-block-column is-layout-flow wp-block-column-is-layout-flow\">\n<div class=\"wp-block-cover alignright\" style=\"min-height:285px;aspect-ratio:unset;\"><img loading=\"lazy\" decoding=\"async\" width=\"500\" height=\"800\" class=\"wp-block-cover__image-background wp-image-539\" alt=\"\" src=\"https:\/\/relationshumainsanimaux.uqam.ca\/wp-content\/uploads\/sites\/101\/2023\/10\/ColoGreenBlockBG_00000.jpg\" data-object-fit=\"cover\" srcset=\"https:\/\/relationshumainsanimaux.uqam.ca\/wp-content\/uploads\/sites\/101\/2023\/10\/ColoGreenBlockBG_00000.jpg 500w, https:\/\/relationshumainsanimaux.uqam.ca\/wp-content\/uploads\/sites\/101\/2023\/10\/ColoGreenBlockBG_00000-188x300.jpg 188w\" sizes=\"auto, (max-width: 500px) 100vw, 500px\" \/><span aria-hidden=\"true\" class=\"wp-block-cover__background has-background-dim-0 has-background-dim\"><\/span><div class=\"wp-block-cover__inner-container is-layout-flow wp-block-cover-is-layout-flow\">\n<p style=\"font-style:normal;font-weight:900\">Lead researcher:<\/p>\n\n\n\n<p style=\"font-style:normal;font-weight:200\">&#8211; Catherine Amiot<\/p>\n<\/div><\/div>\n<\/div>\n\n\n\n<div class=\"wp-block-column is-layout-flow wp-block-column-is-layout-flow\">\n<div class=\"wp-block-cover\" style=\"min-height:285px;aspect-ratio:unset;\"><img loading=\"lazy\" decoding=\"async\" width=\"500\" height=\"800\" class=\"wp-block-cover__image-background wp-image-539\" alt=\"\" src=\"https:\/\/relationshumainsanimaux.uqam.ca\/wp-content\/uploads\/sites\/101\/2023\/10\/ColoGreenBlockBG_00000.jpg\" data-object-fit=\"cover\" srcset=\"https:\/\/relationshumainsanimaux.uqam.ca\/wp-content\/uploads\/sites\/101\/2023\/10\/ColoGreenBlockBG_00000.jpg 500w, https:\/\/relationshumainsanimaux.uqam.ca\/wp-content\/uploads\/sites\/101\/2023\/10\/ColoGreenBlockBG_00000-188x300.jpg 188w\" sizes=\"auto, (max-width: 500px) 100vw, 500px\" \/><span aria-hidden=\"true\" class=\"wp-block-cover__background has-background-dim-0 has-background-dim\"><\/span><div class=\"wp-block-cover__inner-container is-layout-flow wp-block-cover-is-layout-flow\">\n<p style=\"font-style:normal;font-weight:900\">Collaborator:<\/p>\n\n\n\n<p style=\"font-style:normal;font-weight:200\">     &#8211; Brock Bastian<\/p>\n<\/div><\/div>\n<\/div>\n\n\n\n<div class=\"wp-block-column is-layout-flow wp-block-column-is-layout-flow\">\n<div class=\"wp-block-cover\" style=\"min-height:285px;aspect-ratio:unset;\"><img loading=\"lazy\" decoding=\"async\" width=\"500\" height=\"800\" class=\"wp-block-cover__image-background wp-image-539\" alt=\"\" src=\"https:\/\/relationshumainsanimaux.uqam.ca\/wp-content\/uploads\/sites\/101\/2023\/10\/ColoGreenBlockBG_00000.jpg\" data-object-fit=\"cover\" srcset=\"https:\/\/relationshumainsanimaux.uqam.ca\/wp-content\/uploads\/sites\/101\/2023\/10\/ColoGreenBlockBG_00000.jpg 500w, https:\/\/relationshumainsanimaux.uqam.ca\/wp-content\/uploads\/sites\/101\/2023\/10\/ColoGreenBlockBG_00000-188x300.jpg 188w\" sizes=\"auto, (max-width: 500px) 100vw, 500px\" \/><span aria-hidden=\"true\" class=\"wp-block-cover__background has-background-dim-0 has-background-dim\"><\/span><div class=\"wp-block-cover__inner-container is-layout-flow wp-block-cover-is-layout-flow\">\n<p style=\"font-style:normal;font-weight:900\">Other people involved:<\/p>\n\n\n\n<p style=\"font-style:normal;font-weight:200\">     &#8211; Ksenia Sukhanova<br>     &#8211; Christophe Gagn\u00e9<br>     &#8211; No\u00e9mi Baron<br>     &#8211; P.-O. Caron<\/p>\n<\/div><\/div>\n<\/div>\n<\/div>\n\n\n\n<p class=\"has-text-align-center\" style=\"font-style:normal;font-weight:900\"><\/p>\n\n\n\n<p><a href=\"https:\/\/relationshumainsanimaux.uqam.ca\/en\/research-projects\/\">&lt;Research projects<\/a><\/p>\n\n\n\n<p><\/p>\n","protected":false},"excerpt":{"rendered":"<p>2018-2022 Capturing and unpacking the nature of our psychological connection with other animals This research project aimed to identify the different ways by which we can feel psychologically connected to other animals. In other words, how we can identify with animals and feel a sense of belonging to the animal kingdom. In addition, this project [&hellip;]<\/p>\n","protected":false},"author":415,"featured_media":0,"parent":0,"menu_order":0,"comment_status":"closed","ping_status":"closed","template":"","meta":{"footnotes":""},"categories":[],"class_list":["post-1117","page","type-page","status-publish","hentry"],"yoast_head":"<!-- This site is optimized with the Yoast SEO Premium plugin v27.4 (Yoast SEO v27.4) - https:\/\/yoast.com\/product\/yoast-seo-premium-wordpress\/ -->\n<title>| Research laboratory on human-animal relations | UQAM<\/title>\n<meta name=\"robots\" content=\"index, follow, max-snippet:-1, max-image-preview:large, max-video-preview:-1\" \/>\n<link rel=\"canonical\" href=\"https:\/\/relationshumainsanimaux.uqam.ca\/en\/1117-2\/\" \/>\n<meta property=\"og:locale\" content=\"en_US\" \/>\n<meta property=\"og:type\" content=\"article\" \/>\n<meta property=\"og:description\" content=\"2018-2022 Capturing and unpacking the nature of our psychological connection with other animals This research project aimed to identify the different ways by which we can feel psychologically connected to other animals. In other words, how we can identify with animals and feel a sense of belonging to the animal kingdom. In addition, this project [&hellip;]\" \/>\n<meta property=\"og:url\" content=\"https:\/\/relationshumainsanimaux.uqam.ca\/en\/1117-2\/\" \/>\n<meta property=\"og:site_name\" content=\"Research laboratory on human-animal relations\" \/>\n<meta property=\"article:modified_time\" content=\"2025-09-20T17:34:58+00:00\" \/>\n<meta property=\"og:image\" content=\"https:\/\/relationshumainsanimaux.uqam.ca\/wp-content\/uploads\/sites\/101\/2024\/01\/CowSwissCrop_00000-scaled.jpg\" \/>\n\t<meta property=\"og:image:width\" content=\"2560\" \/>\n\t<meta property=\"og:image:height\" content=\"1402\" \/>\n\t<meta property=\"og:image:type\" content=\"image\/jpeg\" \/>\n<meta name=\"twitter:card\" content=\"summary_large_image\" \/>\n<meta name=\"twitter:label1\" content=\"Est. reading time\" \/>\n\t<meta name=\"twitter:data1\" content=\"6 minutes\" \/>\n<script type=\"application\/ld+json\" class=\"yoast-schema-graph\">{\"@context\":\"https:\\\/\\\/schema.org\",\"@graph\":[{\"@type\":\"WebPage\",\"@id\":\"https:\\\/\\\/relationshumainsanimaux.uqam.ca\\\/en\\\/1117-2\\\/\",\"url\":\"https:\\\/\\\/relationshumainsanimaux.uqam.ca\\\/en\\\/1117-2\\\/\",\"name\":\"| Research laboratory on human-animal relations | UQAM\",\"isPartOf\":{\"@id\":\"https:\\\/\\\/relationshumainsanimaux.uqam.ca\\\/#website\"},\"primaryImageOfPage\":{\"@id\":\"https:\\\/\\\/relationshumainsanimaux.uqam.ca\\\/en\\\/1117-2\\\/#primaryimage\"},\"image\":{\"@id\":\"https:\\\/\\\/relationshumainsanimaux.uqam.ca\\\/en\\\/1117-2\\\/#primaryimage\"},\"thumbnailUrl\":\"https:\\\/\\\/relationshumainsanimaux.uqam.ca\\\/wp-content\\\/uploads\\\/sites\\\/101\\\/2024\\\/01\\\/CowSwissCrop_00000-1024x561.jpg\",\"datePublished\":\"2023-10-11T20:40:40+00:00\",\"dateModified\":\"2025-09-20T17:34:58+00:00\",\"breadcrumb\":{\"@id\":\"https:\\\/\\\/relationshumainsanimaux.uqam.ca\\\/en\\\/1117-2\\\/#breadcrumb\"},\"inLanguage\":\"en-US\",\"potentialAction\":[{\"@type\":\"ReadAction\",\"target\":[\"https:\\\/\\\/relationshumainsanimaux.uqam.ca\\\/en\\\/1117-2\\\/\"]}]},{\"@type\":\"ImageObject\",\"inLanguage\":\"en-US\",\"@id\":\"https:\\\/\\\/relationshumainsanimaux.uqam.ca\\\/en\\\/1117-2\\\/#primaryimage\",\"url\":\"https:\\\/\\\/relationshumainsanimaux.uqam.ca\\\/wp-content\\\/uploads\\\/sites\\\/101\\\/2024\\\/01\\\/CowSwissCrop_00000-1024x561.jpg\",\"contentUrl\":\"https:\\\/\\\/relationshumainsanimaux.uqam.ca\\\/wp-content\\\/uploads\\\/sites\\\/101\\\/2024\\\/01\\\/CowSwissCrop_00000-1024x561.jpg\"},{\"@type\":\"BreadcrumbList\",\"@id\":\"https:\\\/\\\/relationshumainsanimaux.uqam.ca\\\/en\\\/1117-2\\\/#breadcrumb\",\"itemListElement\":[{\"@type\":\"ListItem\",\"position\":1,\"name\":\"UQAM\",\"item\":\"https:\\\/\\\/uqam.ca\"},{\"@type\":\"ListItem\",\"position\":2,\"name\":\"Research laboratory on human-animal relations\",\"item\":\"https:\\\/\\\/relationshumainsanimaux.uqam.ca\\\/en\\\/\"}]},{\"@type\":\"WebSite\",\"@id\":\"https:\\\/\\\/relationshumainsanimaux.uqam.ca\\\/#website\",\"url\":\"https:\\\/\\\/relationshumainsanimaux.uqam.ca\\\/\",\"name\":\"Research laboratory on human-animal relations\",\"description\":\"\",\"publisher\":{\"@id\":\"https:\\\/\\\/relationshumainsanimaux.uqam.ca\\\/#organization\"},\"potentialAction\":[{\"@type\":\"SearchAction\",\"target\":{\"@type\":\"EntryPoint\",\"urlTemplate\":\"https:\\\/\\\/relationshumainsanimaux.uqam.ca\\\/en\\\/\\\/recherche\\\/?q={search_term_string}\"},\"query-input\":{\"@type\":\"PropertyValueSpecification\",\"valueRequired\":true,\"valueName\":\"search_term_string\"}}],\"inLanguage\":\"en-US\"},{\"@type\":\"Organization\",\"@id\":\"https:\\\/\\\/relationshumainsanimaux.uqam.ca\\\/#organization\",\"name\":\"Laboratoire de recherche sur les relations humains-animaux\",\"url\":\"https:\\\/\\\/relationshumainsanimaux.uqam.ca\\\/\",\"logo\":{\"@type\":\"ImageObject\",\"inLanguage\":\"en-US\",\"@id\":\"https:\\\/\\\/relationshumainsanimaux.uqam.ca\\\/#\\\/schema\\\/logo\\\/image\\\/\",\"url\":\"https:\\\/\\\/gabarit-adaptatif.uqam.ca\\\/statique\\\/images\\\/logo-uqam.jpg\",\"contentUrl\":\"\",\"caption\":\"Laboratoire de recherche sur les relations humains-animaux\"},\"image\":{\"@id\":\"https:\\\/\\\/relationshumainsanimaux.uqam.ca\\\/#\\\/schema\\\/logo\\\/image\\\/\"},\"parentOrganization\":{\"@type\":\"EducationalOrganization\",\"@id\":\"https:\\\/\\\/uqam.ca\\\/#organization\",\"name\":\"Universit\u00e9 du Qu\u00e9bec \u00e0 Montr\u00e9al\",\"url\":\"https:\\\/\\\/uqam.ca\",\"alternateName\":\"UQAM\",\"logo\":\"https:\\\/\\\/gabarit-adaptatif.uqam.ca\\\/statique\\\/images\\\/logo-uqam.jpg\"}}]}<\/script>\n<!-- \/ Yoast SEO Premium plugin. -->","yoast_head_json":{"title":"| Research laboratory on human-animal relations | UQAM","robots":{"index":"index","follow":"follow","max-snippet":"max-snippet:-1","max-image-preview":"max-image-preview:large","max-video-preview":"max-video-preview:-1"},"canonical":"https:\/\/relationshumainsanimaux.uqam.ca\/en\/1117-2\/","og_locale":"en_US","og_type":"article","og_description":"2018-2022 Capturing and unpacking the nature of our psychological connection with other animals This research project aimed to identify the different ways by which we can feel psychologically connected to other animals. In other words, how we can identify with animals and feel a sense of belonging to the animal kingdom. In addition, this project [&hellip;]","og_url":"https:\/\/relationshumainsanimaux.uqam.ca\/en\/1117-2\/","og_site_name":"Research laboratory on human-animal relations","article_modified_time":"2025-09-20T17:34:58+00:00","og_image":[{"width":2560,"height":1402,"url":"https:\/\/relationshumainsanimaux.uqam.ca\/wp-content\/uploads\/sites\/101\/2024\/01\/CowSwissCrop_00000-scaled.jpg","type":"image\/jpeg"}],"twitter_card":"summary_large_image","twitter_misc":{"Est. reading time":"6 minutes"},"schema":{"@context":"https:\/\/schema.org","@graph":[{"@type":"WebPage","@id":"https:\/\/relationshumainsanimaux.uqam.ca\/en\/1117-2\/","url":"https:\/\/relationshumainsanimaux.uqam.ca\/en\/1117-2\/","name":"| Research laboratory on human-animal relations | UQAM","isPartOf":{"@id":"https:\/\/relationshumainsanimaux.uqam.ca\/#website"},"primaryImageOfPage":{"@id":"https:\/\/relationshumainsanimaux.uqam.ca\/en\/1117-2\/#primaryimage"},"image":{"@id":"https:\/\/relationshumainsanimaux.uqam.ca\/en\/1117-2\/#primaryimage"},"thumbnailUrl":"https:\/\/relationshumainsanimaux.uqam.ca\/wp-content\/uploads\/sites\/101\/2024\/01\/CowSwissCrop_00000-1024x561.jpg","datePublished":"2023-10-11T20:40:40+00:00","dateModified":"2025-09-20T17:34:58+00:00","breadcrumb":{"@id":"https:\/\/relationshumainsanimaux.uqam.ca\/en\/1117-2\/#breadcrumb"},"inLanguage":"en-US","potentialAction":[{"@type":"ReadAction","target":["https:\/\/relationshumainsanimaux.uqam.ca\/en\/1117-2\/"]}]},{"@type":"ImageObject","inLanguage":"en-US","@id":"https:\/\/relationshumainsanimaux.uqam.ca\/en\/1117-2\/#primaryimage","url":"https:\/\/relationshumainsanimaux.uqam.ca\/wp-content\/uploads\/sites\/101\/2024\/01\/CowSwissCrop_00000-1024x561.jpg","contentUrl":"https:\/\/relationshumainsanimaux.uqam.ca\/wp-content\/uploads\/sites\/101\/2024\/01\/CowSwissCrop_00000-1024x561.jpg"},{"@type":"BreadcrumbList","@id":"https:\/\/relationshumainsanimaux.uqam.ca\/en\/1117-2\/#breadcrumb","itemListElement":[{"@type":"ListItem","position":1,"name":"UQAM","item":"https:\/\/uqam.ca"},{"@type":"ListItem","position":2,"name":"Research laboratory on human-animal relations","item":"https:\/\/relationshumainsanimaux.uqam.ca\/en\/"}]},{"@type":"WebSite","@id":"https:\/\/relationshumainsanimaux.uqam.ca\/#website","url":"https:\/\/relationshumainsanimaux.uqam.ca\/","name":"Research laboratory on human-animal relations","description":"","publisher":{"@id":"https:\/\/relationshumainsanimaux.uqam.ca\/#organization"},"potentialAction":[{"@type":"SearchAction","target":{"@type":"EntryPoint","urlTemplate":"https:\/\/relationshumainsanimaux.uqam.ca\/en\/\/recherche\/?q={search_term_string}"},"query-input":{"@type":"PropertyValueSpecification","valueRequired":true,"valueName":"search_term_string"}}],"inLanguage":"en-US"},{"@type":"Organization","@id":"https:\/\/relationshumainsanimaux.uqam.ca\/#organization","name":"Laboratoire de recherche sur les relations humains-animaux","url":"https:\/\/relationshumainsanimaux.uqam.ca\/","logo":{"@type":"ImageObject","inLanguage":"en-US","@id":"https:\/\/relationshumainsanimaux.uqam.ca\/#\/schema\/logo\/image\/","url":"https:\/\/gabarit-adaptatif.uqam.ca\/statique\/images\/logo-uqam.jpg","contentUrl":"","caption":"Laboratoire de recherche sur les relations humains-animaux"},"image":{"@id":"https:\/\/relationshumainsanimaux.uqam.ca\/#\/schema\/logo\/image\/"},"parentOrganization":{"@type":"EducationalOrganization","@id":"https:\/\/uqam.ca\/#organization","name":"Universit\u00e9 du Qu\u00e9bec \u00e0 Montr\u00e9al","url":"https:\/\/uqam.ca","alternateName":"UQAM","logo":"https:\/\/gabarit-adaptatif.uqam.ca\/statique\/images\/logo-uqam.jpg"}}]}},"_links":{"self":[{"href":"https:\/\/relationshumainsanimaux.uqam.ca\/en\/wp-json\/wp\/v2\/pages\/1117","targetHints":{"allow":["GET"]}}],"collection":[{"href":"https:\/\/relationshumainsanimaux.uqam.ca\/en\/wp-json\/wp\/v2\/pages"}],"about":[{"href":"https:\/\/relationshumainsanimaux.uqam.ca\/en\/wp-json\/wp\/v2\/types\/page"}],"author":[{"embeddable":true,"href":"https:\/\/relationshumainsanimaux.uqam.ca\/en\/wp-json\/wp\/v2\/users\/415"}],"replies":[{"embeddable":true,"href":"https:\/\/relationshumainsanimaux.uqam.ca\/en\/wp-json\/wp\/v2\/comments?post=1117"}],"version-history":[{"count":9,"href":"https:\/\/relationshumainsanimaux.uqam.ca\/en\/wp-json\/wp\/v2\/pages\/1117\/revisions"}],"predecessor-version":[{"id":2103,"href":"https:\/\/relationshumainsanimaux.uqam.ca\/en\/wp-json\/wp\/v2\/pages\/1117\/revisions\/2103"}],"wp:attachment":[{"href":"https:\/\/relationshumainsanimaux.uqam.ca\/en\/wp-json\/wp\/v2\/media?parent=1117"}],"wp:term":[{"taxonomy":"category","embeddable":true,"href":"https:\/\/relationshumainsanimaux.uqam.ca\/en\/wp-json\/wp\/v2\/categories?post=1117"}],"curies":[{"name":"wp","href":"https:\/\/api.w.org\/{rel}","templated":true}]}}